{"id":2944,"date":"2026-02-15T23:51:46","date_gmt":"2026-02-16T02:51:46","guid":{"rendered":"https:\/\/fisica2.fica.unsl.edu.ar\/?page_id=2944"},"modified":"2026-02-19T11:01:11","modified_gmt":"2026-02-19T14:01:11","slug":"f2_p_asp","status":"publish","type":"page","link":"https:\/\/fisica2.fica.unsl.edu.ar\/index.php\/f2_p_asp\/","title":{"rendered":"F2_P_asp"},"content":{"rendered":"\t\t<div data-elementor-type=\"wp-page\" data-elementor-id=\"2944\" class=\"elementor elementor-2944\">\n\t\t\t\t\t\t<section class=\"elementor-section elementor-top-section elementor-element elementor-element-16290ce elementor-section-height-min-height elementor-section-content-middle elementor-section-boxed elementor-section-height-default elementor-section-items-middle\" data-id=\"16290ce\" data-element_type=\"section\" data-e-type=\"section\">\n\t\t\t\t\t\t<div class=\"elementor-container elementor-column-gap-default\">\n\t\t\t\t\t<div class=\"elementor-column elementor-col-33 elementor-top-column elementor-element elementor-element-95ab741\" data-id=\"95ab741\" data-element_type=\"column\" data-e-type=\"column\">\n\t\t\t<div class=\"elementor-widget-wrap elementor-element-populated\">\n\t\t\t\t\t\t<div class=\"elementor-element elementor-element-8a58345 elementor-widget elementor-widget-image\" data-id=\"8a58345\" data-element_type=\"widget\" data-e-type=\"widget\" data-widget_type=\"image.default\">\n\t\t\t\t<div class=\"elementor-widget-container\">\n\t\t\t\t\t\t\t\t\t\t\t\t\t\t\t<img decoding=\"async\" src=\"https:\/\/fisica2.fica.unsl.edu.ar\/wp-content\/uploads\/2026\/02\/aspectos_generales.gif\" title=\"aspectos_generales\" alt=\"aspectos_generales\" loading=\"lazy\" \/>\t\t\t\t\t\t\t\t\t\t\t\t\t\t\t<\/div>\n\t\t\t\t<\/div>\n\t\t\t\t\t<\/div>\n\t\t<\/div>\n\t\t\t\t<div class=\"elementor-column elementor-col-66 elementor-top-column elementor-element elementor-element-47d728b\" data-id=\"47d728b\" data-element_type=\"column\" data-e-type=\"column\">\n\t\t\t<div class=\"elementor-widget-wrap elementor-element-populated\">\n\t\t\t\t\t\t<div class=\"elementor-element elementor-element-86f9678 elementor-widget elementor-widget-text-editor\" data-id=\"86f9678\" data-element_type=\"widget\" data-e-type=\"widget\" data-widget_type=\"text-editor.default\">\n\t\t\t\t<div class=\"elementor-widget-container\">\n\t\t\t\t\t\t\t\t\t<p><span style=\"font-size: 20px; color: #000080;\"><strong>Aspectos generales<\/strong><\/span><\/p>\t\t\t\t\t\t\t\t<\/div>\n\t\t\t\t<\/div>\n\t\t\t\t\t<\/div>\n\t\t<\/div>\n\t\t\t\t\t<\/div>\n\t\t<\/section>\n\t\t\t\t<section class=\"elementor-section elementor-top-section elementor-element elementor-element-c58fab0 elementor-section-full_width elementor-section-height-default elementor-section-height-default\" data-id=\"c58fab0\" data-element_type=\"section\" data-e-type=\"section\">\n\t\t\t\t\t\t<div class=\"elementor-container elementor-column-gap-default\">\n\t\t\t\t\t<div class=\"elementor-column elementor-col-100 elementor-top-column elementor-element elementor-element-65fd76b\" data-id=\"65fd76b\" data-element_type=\"column\" data-e-type=\"column\">\n\t\t\t<div class=\"elementor-widget-wrap elementor-element-populated\">\n\t\t\t\t\t\t<div class=\"elementor-element elementor-element-0deb2f2 elementor-widget elementor-widget-text-editor\" data-id=\"0deb2f2\" data-element_type=\"widget\" data-e-type=\"widget\" data-widget_type=\"text-editor.default\">\n\t\t\t\t<div class=\"elementor-widget-container\">\n\t\t\t\t\t\t\t\t\t<p><span style=\"color: #000000;\">Las clases de pr\u00e1cticos de problemas se dictan generalmente despu\u00e9s de las clases te\u00f3ricas y conjuntamente con las pr\u00e1cticas de laboratorio.<\/span><br \/><br \/><span style=\"color: #000000;\">Son obligatorias. Se exige una asistencia del 80% de las clases pr\u00e1cticos de problemas.<\/span><\/p><p><span style=\"color: #000000;\">Las clases pr\u00e1cticos de problemas (y de laboratorio) tienen 5 horas semanales, con un cr\u00e9dito horario de 75 horas para el cuatrimestre.<\/span><\/p><p><span style=\"color: #000000;\">Se aconseja asistir a los trabajos pr\u00e1cticos de problemas con los conocimientos te\u00f3ricos correspondientes, para ello la gu\u00eda de trabajos pr\u00e1cticos siempre est\u00e1 disponible, al menos, la clase anterior a comenzar el mismo.<\/span><\/p><p><span style=\"color: #000000;\">Se solicita puntualidad a los alumnos que asisten a las clases de pr\u00e1cticos de problemas, llevando la gu\u00eda correspondiente, y en caso de ser necesario, los elementos para realizar el mismo.<\/span><\/p><p><span style=\"color: #000000;\">Se aconseja seguir las recomendaciones y\/o estrateg\u00edas, que figuran al principo de cada gu\u00eda, para resolver los problemas.<\/span><\/p><p><span style=\"color: #000000;\">El docente podr\u00e1 realizar preguntas conceptuales referentes a los pr\u00e1cticos de problemas realizados por el alumno en el examen final de la materia.<\/span><\/p><p><span style=\"color: #000000;\">Se aconseja al alumno confeccionar una carpeta o cuaderno en el cual se halle la resoluci\u00f3n de los problemas propuestos en las clases pr\u00e1cticas.<\/span><\/p><p class=\"Estilo24\">\u00a0<\/p>\t\t\t\t\t\t\t\t<\/div>\n\t\t\t\t<\/div>\n\t\t\t\t\t<\/div>\n\t\t<\/div>\n\t\t\t\t\t<\/div>\n\t\t<\/section>\n\t\t\t\t<\/div>\n\t\t","protected":false},"excerpt":{"rendered":"<p>Aspectos generales Las clases de pr\u00e1cticos de problemas se dictan generalmente despu\u00e9s de las clases te\u00f3ricas y conjuntamente con las pr\u00e1cticas de laboratorio. Son obligatorias.&hellip;<\/p>\n","protected":false},"author":7,"featured_media":0,"parent":0,"menu_order":0,"comment_status":"closed","ping_status":"closed","template":"elementor_header_footer","meta":{"_monsterinsights_skip_tracking":false,"_monsterinsights_sitenote_active":false,"_monsterinsights_sitenote_note":"","_monsterinsights_sitenote_category":0,"footnotes":""},"class_list":["post-2944","page","type-page","status-publish","hentry"],"yoast_head":"<!-- This site is optimized with the Yoast SEO plugin v27.3 - https:\/\/yoast.com\/product\/yoast-seo-wordpress\/ -->\n<title>F2_P_asp - F\u00edsica 2<\/title>\n<meta name=\"robots\" content=\"index, follow, max-snippet:-1, max-image-preview:large, max-video-preview:-1\" \/>\n<link rel=\"canonical\" href=\"https:\/\/fisica2.fica.unsl.edu.ar\/index.php\/f2_p_asp\/\" \/>\n<meta property=\"og:locale\" content=\"es_ES\" \/>\n<meta property=\"og:type\" content=\"article\" \/>\n<meta property=\"og:title\" content=\"F2_P_asp - F\u00edsica 2\" \/>\n<meta property=\"og:description\" content=\"Aspectos generales Las clases de pr\u00e1cticos de problemas se dictan generalmente despu\u00e9s de las clases te\u00f3ricas y conjuntamente con las pr\u00e1cticas de laboratorio. Son obligatorias.&hellip;\" \/>\n<meta property=\"og:url\" content=\"https:\/\/fisica2.fica.unsl.edu.ar\/index.php\/f2_p_asp\/\" \/>\n<meta property=\"og:site_name\" content=\"F\u00edsica 2\" \/>\n<meta property=\"article:modified_time\" content=\"2026-02-19T14:01:11+00:00\" \/>\n<meta property=\"og:image\" content=\"https:\/\/fisica2.fica.unsl.edu.ar\/wp-content\/uploads\/2026\/02\/aspectos_generales.gif\" \/>\n<meta name=\"twitter:card\" content=\"summary_large_image\" \/>\n<meta name=\"twitter:label1\" content=\"Tiempo de lectura\" \/>\n\t<meta name=\"twitter:data1\" content=\"2 minutos\" \/>\n<script type=\"application\/ld+json\" class=\"yoast-schema-graph\">{\"@context\":\"https:\\\/\\\/schema.org\",\"@graph\":[{\"@type\":\"WebPage\",\"@id\":\"https:\\\/\\\/fisica2.fica.unsl.edu.ar\\\/index.php\\\/f2_p_asp\\\/\",\"url\":\"https:\\\/\\\/fisica2.fica.unsl.edu.ar\\\/index.php\\\/f2_p_asp\\\/\",\"name\":\"F2_P_asp - F\u00edsica 2\",\"isPartOf\":{\"@id\":\"https:\\\/\\\/fisica2.fica.unsl.edu.ar\\\/#website\"},\"primaryImageOfPage\":{\"@id\":\"https:\\\/\\\/fisica2.fica.unsl.edu.ar\\\/index.php\\\/f2_p_asp\\\/#primaryimage\"},\"image\":{\"@id\":\"https:\\\/\\\/fisica2.fica.unsl.edu.ar\\\/index.php\\\/f2_p_asp\\\/#primaryimage\"},\"thumbnailUrl\":\"https:\\\/\\\/fisica2.fica.unsl.edu.ar\\\/wp-content\\\/uploads\\\/2026\\\/02\\\/aspectos_generales.gif\",\"datePublished\":\"2026-02-16T02:51:46+00:00\",\"dateModified\":\"2026-02-19T14:01:11+00:00\",\"breadcrumb\":{\"@id\":\"https:\\\/\\\/fisica2.fica.unsl.edu.ar\\\/index.php\\\/f2_p_asp\\\/#breadcrumb\"},\"inLanguage\":\"es-AR\",\"potentialAction\":[{\"@type\":\"ReadAction\",\"target\":[\"https:\\\/\\\/fisica2.fica.unsl.edu.ar\\\/index.php\\\/f2_p_asp\\\/\"]}]},{\"@type\":\"ImageObject\",\"inLanguage\":\"es-AR\",\"@id\":\"https:\\\/\\\/fisica2.fica.unsl.edu.ar\\\/index.php\\\/f2_p_asp\\\/#primaryimage\",\"url\":\"https:\\\/\\\/fisica2.fica.unsl.edu.ar\\\/wp-content\\\/uploads\\\/2026\\\/02\\\/aspectos_generales.gif\",\"contentUrl\":\"https:\\\/\\\/fisica2.fica.unsl.edu.ar\\\/wp-content\\\/uploads\\\/2026\\\/02\\\/aspectos_generales.gif\",\"width\":640,\"height\":640},{\"@type\":\"BreadcrumbList\",\"@id\":\"https:\\\/\\\/fisica2.fica.unsl.edu.ar\\\/index.php\\\/f2_p_asp\\\/#breadcrumb\",\"itemListElement\":[{\"@type\":\"ListItem\",\"position\":1,\"name\":\"Inicio\",\"item\":\"https:\\\/\\\/fisica2.fica.unsl.edu.ar\\\/\"},{\"@type\":\"ListItem\",\"position\":2,\"name\":\"F2_P_asp\"}]},{\"@type\":\"WebSite\",\"@id\":\"https:\\\/\\\/fisica2.fica.unsl.edu.ar\\\/#website\",\"url\":\"https:\\\/\\\/fisica2.fica.unsl.edu.ar\\\/\",\"name\":\"F\u00edsica 2\",\"description\":\"FICA - UNSL\",\"publisher\":{\"@id\":\"https:\\\/\\\/fisica2.fica.unsl.edu.ar\\\/#organization\"},\"potentialAction\":[{\"@type\":\"SearchAction\",\"target\":{\"@type\":\"EntryPoint\",\"urlTemplate\":\"https:\\\/\\\/fisica2.fica.unsl.edu.ar\\\/?s={search_term_string}\"},\"query-input\":{\"@type\":\"PropertyValueSpecification\",\"valueRequired\":true,\"valueName\":\"search_term_string\"}}],\"inLanguage\":\"es-AR\"},{\"@type\":\"Organization\",\"@id\":\"https:\\\/\\\/fisica2.fica.unsl.edu.ar\\\/#organization\",\"name\":\"SAC- Secretar\u00eda General FICA\",\"url\":\"https:\\\/\\\/fisica2.fica.unsl.edu.ar\\\/\",\"logo\":{\"@type\":\"ImageObject\",\"inLanguage\":\"es-AR\",\"@id\":\"https:\\\/\\\/fisica2.fica.unsl.edu.ar\\\/#\\\/schema\\\/logo\\\/image\\\/\",\"url\":\"https:\\\/\\\/fisica2.fica.unsl.edu.ar\\\/wp-content\\\/uploads\\\/2021\\\/11\\\/SG-Logo.png\",\"contentUrl\":\"https:\\\/\\\/fisica2.fica.unsl.edu.ar\\\/wp-content\\\/uploads\\\/2021\\\/11\\\/SG-Logo.png\",\"width\":4483,\"height\":1231,\"caption\":\"SAC- Secretar\u00eda General FICA\"},\"image\":{\"@id\":\"https:\\\/\\\/fisica2.fica.unsl.edu.ar\\\/#\\\/schema\\\/logo\\\/image\\\/\"}}]}<\/script>\n<!-- \/ Yoast SEO plugin. -->","yoast_head_json":{"title":"F2_P_asp - F\u00edsica 2","robots":{"index":"index","follow":"follow","max-snippet":"max-snippet:-1","max-image-preview":"max-image-preview:large","max-video-preview":"max-video-preview:-1"},"canonical":"https:\/\/fisica2.fica.unsl.edu.ar\/index.php\/f2_p_asp\/","og_locale":"es_ES","og_type":"article","og_title":"F2_P_asp - F\u00edsica 2","og_description":"Aspectos generales Las clases de pr\u00e1cticos de problemas se dictan generalmente despu\u00e9s de las clases te\u00f3ricas y conjuntamente con las pr\u00e1cticas de laboratorio. Son obligatorias.&hellip;","og_url":"https:\/\/fisica2.fica.unsl.edu.ar\/index.php\/f2_p_asp\/","og_site_name":"F\u00edsica 2","article_modified_time":"2026-02-19T14:01:11+00:00","og_image":[{"url":"https:\/\/fisica2.fica.unsl.edu.ar\/wp-content\/uploads\/2026\/02\/aspectos_generales.gif","type":"","width":"","height":""}],"twitter_card":"summary_large_image","twitter_misc":{"Tiempo de lectura":"2 minutos"},"schema":{"@context":"https:\/\/schema.org","@graph":[{"@type":"WebPage","@id":"https:\/\/fisica2.fica.unsl.edu.ar\/index.php\/f2_p_asp\/","url":"https:\/\/fisica2.fica.unsl.edu.ar\/index.php\/f2_p_asp\/","name":"F2_P_asp - F\u00edsica 2","isPartOf":{"@id":"https:\/\/fisica2.fica.unsl.edu.ar\/#website"},"primaryImageOfPage":{"@id":"https:\/\/fisica2.fica.unsl.edu.ar\/index.php\/f2_p_asp\/#primaryimage"},"image":{"@id":"https:\/\/fisica2.fica.unsl.edu.ar\/index.php\/f2_p_asp\/#primaryimage"},"thumbnailUrl":"https:\/\/fisica2.fica.unsl.edu.ar\/wp-content\/uploads\/2026\/02\/aspectos_generales.gif","datePublished":"2026-02-16T02:51:46+00:00","dateModified":"2026-02-19T14:01:11+00:00","breadcrumb":{"@id":"https:\/\/fisica2.fica.unsl.edu.ar\/index.php\/f2_p_asp\/#breadcrumb"},"inLanguage":"es-AR","potentialAction":[{"@type":"ReadAction","target":["https:\/\/fisica2.fica.unsl.edu.ar\/index.php\/f2_p_asp\/"]}]},{"@type":"ImageObject","inLanguage":"es-AR","@id":"https:\/\/fisica2.fica.unsl.edu.ar\/index.php\/f2_p_asp\/#primaryimage","url":"https:\/\/fisica2.fica.unsl.edu.ar\/wp-content\/uploads\/2026\/02\/aspectos_generales.gif","contentUrl":"https:\/\/fisica2.fica.unsl.edu.ar\/wp-content\/uploads\/2026\/02\/aspectos_generales.gif","width":640,"height":640},{"@type":"BreadcrumbList","@id":"https:\/\/fisica2.fica.unsl.edu.ar\/index.php\/f2_p_asp\/#breadcrumb","itemListElement":[{"@type":"ListItem","position":1,"name":"Inicio","item":"https:\/\/fisica2.fica.unsl.edu.ar\/"},{"@type":"ListItem","position":2,"name":"F2_P_asp"}]},{"@type":"WebSite","@id":"https:\/\/fisica2.fica.unsl.edu.ar\/#website","url":"https:\/\/fisica2.fica.unsl.edu.ar\/","name":"F\u00edsica 2","description":"FICA - UNSL","publisher":{"@id":"https:\/\/fisica2.fica.unsl.edu.ar\/#organization"},"potentialAction":[{"@type":"SearchAction","target":{"@type":"EntryPoint","urlTemplate":"https:\/\/fisica2.fica.unsl.edu.ar\/?s={search_term_string}"},"query-input":{"@type":"PropertyValueSpecification","valueRequired":true,"valueName":"search_term_string"}}],"inLanguage":"es-AR"},{"@type":"Organization","@id":"https:\/\/fisica2.fica.unsl.edu.ar\/#organization","name":"SAC- Secretar\u00eda General FICA","url":"https:\/\/fisica2.fica.unsl.edu.ar\/","logo":{"@type":"ImageObject","inLanguage":"es-AR","@id":"https:\/\/fisica2.fica.unsl.edu.ar\/#\/schema\/logo\/image\/","url":"https:\/\/fisica2.fica.unsl.edu.ar\/wp-content\/uploads\/2021\/11\/SG-Logo.png","contentUrl":"https:\/\/fisica2.fica.unsl.edu.ar\/wp-content\/uploads\/2021\/11\/SG-Logo.png","width":4483,"height":1231,"caption":"SAC- Secretar\u00eda General FICA"},"image":{"@id":"https:\/\/fisica2.fica.unsl.edu.ar\/#\/schema\/logo\/image\/"}}]}},"_links":{"self":[{"href":"https:\/\/fisica2.fica.unsl.edu.ar\/index.php\/wp-json\/wp\/v2\/pages\/2944","targetHints":{"allow":["GET"]}}],"collection":[{"href":"https:\/\/fisica2.fica.unsl.edu.ar\/index.php\/wp-json\/wp\/v2\/pages"}],"about":[{"href":"https:\/\/fisica2.fica.unsl.edu.ar\/index.php\/wp-json\/wp\/v2\/types\/page"}],"author":[{"embeddable":true,"href":"https:\/\/fisica2.fica.unsl.edu.ar\/index.php\/wp-json\/wp\/v2\/users\/7"}],"replies":[{"embeddable":true,"href":"https:\/\/fisica2.fica.unsl.edu.ar\/index.php\/wp-json\/wp\/v2\/comments?post=2944"}],"version-history":[{"count":7,"href":"https:\/\/fisica2.fica.unsl.edu.ar\/index.php\/wp-json\/wp\/v2\/pages\/2944\/revisions"}],"predecessor-version":[{"id":4596,"href":"https:\/\/fisica2.fica.unsl.edu.ar\/index.php\/wp-json\/wp\/v2\/pages\/2944\/revisions\/4596"}],"wp:attachment":[{"href":"https:\/\/fisica2.fica.unsl.edu.ar\/index.php\/wp-json\/wp\/v2\/media?parent=2944"}],"curies":[{"name":"wp","href":"https:\/\/api.w.org\/{rel}","templated":true}]}}