{"id":2904,"date":"2026-02-15T23:07:52","date_gmt":"2026-02-16T02:07:52","guid":{"rendered":"https:\/\/fisica2.fica.unsl.edu.ar\/?page_id=2904"},"modified":"2026-02-19T12:59:15","modified_gmt":"2026-02-19T15:59:15","slug":"f2_t11_sys","status":"publish","type":"page","link":"https:\/\/fisica2.fica.unsl.edu.ar\/index.php\/f2_t11_sys\/","title":{"rendered":"F2_T11_sys"},"content":{"rendered":"\t\t<div data-elementor-type=\"wp-page\" data-elementor-id=\"2904\" class=\"elementor elementor-2904\">\n\t\t\t\t\t\t<section class=\"elementor-section elementor-top-section elementor-element elementor-element-893b194 elementor-section-height-min-height elementor-section-content-middle elementor-section-boxed elementor-section-height-default elementor-section-items-middle\" data-id=\"893b194\" data-element_type=\"section\" data-e-type=\"section\">\n\t\t\t\t\t\t<div class=\"elementor-container elementor-column-gap-default\">\n\t\t\t\t\t<div class=\"elementor-column elementor-col-33 elementor-top-column elementor-element elementor-element-14c70a2\" data-id=\"14c70a2\" data-element_type=\"column\" data-e-type=\"column\">\n\t\t\t<div class=\"elementor-widget-wrap elementor-element-populated\">\n\t\t\t\t\t\t<div class=\"elementor-element elementor-element-6c589bc elementor-widget elementor-widget-image\" data-id=\"6c589bc\" data-element_type=\"widget\" data-e-type=\"widget\" data-widget_type=\"image.default\">\n\t\t\t\t<div class=\"elementor-widget-container\">\n\t\t\t\t\t\t\t\t\t\t\t\t\t\t\t<img decoding=\"async\" src=\"https:\/\/fisica2.fica.unsl.edu.ar\/wp-content\/uploads\/2026\/02\/simulacion.gif\" title=\"simulaci\u00f3n\" alt=\"simulaci\u00f3n\" loading=\"lazy\" \/>\t\t\t\t\t\t\t\t\t\t\t\t\t\t\t<\/div>\n\t\t\t\t<\/div>\n\t\t\t\t\t<\/div>\n\t\t<\/div>\n\t\t\t\t<div class=\"elementor-column elementor-col-66 elementor-top-column elementor-element elementor-element-c6d0a71\" data-id=\"c6d0a71\" data-element_type=\"column\" data-e-type=\"column\">\n\t\t\t<div class=\"elementor-widget-wrap elementor-element-populated\">\n\t\t\t\t\t\t<div class=\"elementor-element elementor-element-7211c0e elementor-widget elementor-widget-text-editor\" data-id=\"7211c0e\" data-element_type=\"widget\" data-e-type=\"widget\" data-widget_type=\"text-editor.default\">\n\t\t\t\t<div class=\"elementor-widget-container\">\n\t\t\t\t\t\t\t\t\t<p><span style=\"font-size: 20px; color: #000080;\"><strong>Simulaciones\/Software<\/strong><\/span><\/p>\t\t\t\t\t\t\t\t<\/div>\n\t\t\t\t<\/div>\n\t\t\t\t\t<\/div>\n\t\t<\/div>\n\t\t\t\t\t<\/div>\n\t\t<\/section>\n\t\t\t\t<section class=\"elementor-section elementor-top-section elementor-element elementor-element-913061b elementor-section-boxed elementor-section-height-default elementor-section-height-default\" data-id=\"913061b\" data-element_type=\"section\" data-e-type=\"section\">\n\t\t\t\t\t\t<div class=\"elementor-container elementor-column-gap-default\">\n\t\t\t\t\t<div class=\"elementor-column elementor-col-100 elementor-top-column elementor-element elementor-element-bebaae8\" data-id=\"bebaae8\" data-element_type=\"column\" data-e-type=\"column\">\n\t\t\t<div class=\"elementor-widget-wrap elementor-element-populated\">\n\t\t\t\t\t\t<div class=\"elementor-element elementor-element-0f1b7ce elementor-widget elementor-widget-text-editor\" data-id=\"0f1b7ce\" data-element_type=\"widget\" data-e-type=\"widget\" data-widget_type=\"text-editor.default\">\n\t\t\t\t<div class=\"elementor-widget-container\">\n\t\t\t\t\t\t\t\t\t<p><span style=\"font-size: 12px;\">Si tienes configurado Google Chrome (como navegador predeterminado) y posees inconvenientes para visualizar alguna simulaci\u00f3n (por problemas de complementos o compatibilidad), copia el link y prueba con alg\u00fan navegador alternativo (p.e. Mozilla Firefox o Internet Explorer).<br \/><\/span><span style=\"font-size: 12px;\">Adicionalmente, hay simulaciones realizadas en flash (extensi\u00f3n .swf), que para poder visualizarlas deberemos bajar una extensi\u00f3n. https:\/\/ruffle.rs\/ Primer bajar la extensi\u00f3n para crome (que figura la final, archivo .zip). Luego hacer clic en el enlace Chrome. Escribe chrome:\/\/extensions\/en la barra de direcciones de Chrome y luego presiona Enter. Active el modo de desarrollador en la esquina superior derecha. Arrastre y suelte el archivo ZIP descargado en la p\u00e1gina.<br \/><\/span><span style=\"font-size: 12px;\">En caso de no puedas solucionarlo cont\u00e1ctate y trataremos de ayudarte!<\/span><\/p>\t\t\t\t\t\t\t\t<\/div>\n\t\t\t\t<\/div>\n\t\t\t\t\t<\/div>\n\t\t<\/div>\n\t\t\t\t\t<\/div>\n\t\t<\/section>\n\t\t\t\t<section class=\"elementor-section elementor-top-section elementor-element elementor-element-f8d2d40 elementor-section-boxed elementor-section-height-default elementor-section-height-default\" data-id=\"f8d2d40\" data-element_type=\"section\" data-e-type=\"section\">\n\t\t\t\t\t\t<div class=\"elementor-container elementor-column-gap-default\">\n\t\t\t\t\t<div class=\"elementor-column elementor-col-33 elementor-top-column elementor-element elementor-element-0180a8d\" data-id=\"0180a8d\" data-element_type=\"column\" data-e-type=\"column\">\n\t\t\t<div class=\"elementor-widget-wrap elementor-element-populated\">\n\t\t\t\t\t\t<div class=\"elementor-element elementor-element-c0f9a33 elementor-widget elementor-widget-text-editor\" data-id=\"c0f9a33\" data-element_type=\"widget\" data-e-type=\"widget\" data-widget_type=\"text-editor.default\">\n\t\t\t\t<div class=\"elementor-widget-container\">\n\t\t\t\t\t\t\t\t\t<p class=\"Estilo24\"><span style=\"color: #000080;\"><strong>AP_T11_01<\/strong><\/span><br \/><span style=\"color: #000000;\">Simulaci\u00f3n donde se observa la interpretaci\u00f3n de un M.A.S. como<\/span><br \/><span style=\"color: #000000;\">proyecci\u00f3n sobre el eje Y, del extremo de un vector rotatorio<\/span><br \/><span style=\"color: #000000;\">de longitud igual a la amplitud\u00a0<em>A<\/em>, que gira con velocidad angular\u00a0<em>w<\/em><\/span><br \/><span style=\"color: #000000;\">igual a la frecuencia angular del M.A.S, en el sentido contrario<\/span><br \/><span style=\"color: #000000;\">a las agujas del reloj.<\/span><br \/><span style=\"color: #000000;\">Cr\u00e9dito: \u00e1ngel Franco Garc\u00eda<\/span><\/p><p><span class=\"Estilo24\" style=\"color: #000000;\">Puntos relacionados con la teor\u00eda:<br \/>&#8211; 11.2 Tensiones sinusoidales. Representaci\u00f3n. Fasores<\/span><\/p><p class=\"Estilo24\"><span class=\"Estilo24\" style=\"color: #000000;\"><a class=\"Estilo25\" style=\"color: #000000;\" href=\"http:\/\/www.sc.ehu.es\/sbweb\/fisica\/oscilaciones\/circular\/oscila1.htm\" target=\"_blank\" rel=\"noopener\">[<span style=\"color: #ff0000;\">Acceso a la simulaci\u00f3n<\/span>]<\/a><\/span><\/p>\t\t\t\t\t\t\t\t<\/div>\n\t\t\t\t<\/div>\n\t\t\t\t\t<\/div>\n\t\t<\/div>\n\t\t\t\t<div class=\"elementor-column elementor-col-66 elementor-top-column elementor-element elementor-element-f7a5c68\" data-id=\"f7a5c68\" data-element_type=\"column\" data-e-type=\"column\">\n\t\t\t<div class=\"elementor-widget-wrap elementor-element-populated\">\n\t\t\t\t\t\t<div class=\"elementor-element elementor-element-46aae18 elementor-widget elementor-widget-image\" data-id=\"46aae18\" data-element_type=\"widget\" data-e-type=\"widget\" data-widget_type=\"image.default\">\n\t\t\t\t<div class=\"elementor-widget-container\">\n\t\t\t\t\t\t\t\t\t\t\t\t\t\t\t<img decoding=\"async\" width=\"188\" height=\"118\" src=\"https:\/\/fisica2.fica.unsl.edu.ar\/wp-content\/uploads\/2026\/02\/AP_T11_01.png\" class=\"attachment-large size-large wp-image-2891\" alt=\"\" \/>\t\t\t\t\t\t\t\t\t\t\t\t\t\t\t<\/div>\n\t\t\t\t<\/div>\n\t\t\t\t\t<\/div>\n\t\t<\/div>\n\t\t\t\t\t<\/div>\n\t\t<\/section>\n\t\t\t\t<section class=\"elementor-section elementor-top-section elementor-element elementor-element-cb8da63 elementor-section-boxed elementor-section-height-default elementor-section-height-default\" data-id=\"cb8da63\" data-element_type=\"section\" data-e-type=\"section\">\n\t\t\t\t\t\t<div class=\"elementor-container elementor-column-gap-default\">\n\t\t\t\t\t<div class=\"elementor-column elementor-col-33 elementor-top-column elementor-element elementor-element-af6012c\" data-id=\"af6012c\" data-element_type=\"column\" data-e-type=\"column\">\n\t\t\t<div class=\"elementor-widget-wrap elementor-element-populated\">\n\t\t\t\t\t\t<div class=\"elementor-element elementor-element-25e92e7 elementor-widget elementor-widget-text-editor\" data-id=\"25e92e7\" data-element_type=\"widget\" data-e-type=\"widget\" data-widget_type=\"text-editor.default\">\n\t\t\t\t<div class=\"elementor-widget-container\">\n\t\t\t\t\t\t\t\t\t<p class=\"Estilo24\"><span style=\"color: #000080;\"><strong>AP_T11_02<\/strong><\/span><br \/><span style=\"color: #000000;\">Visualizaci\u00f3n del valor m\u00e1ximo y el valor medio cuadr\u00e1tico (eficaz)<\/span><br \/><span style=\"color: #000000;\">de una funci\u00f3n sinusoidal.<\/span><br \/><span style=\"color: #000000;\">Cr\u00e9dito: PCCL<\/span><\/p><p class=\"Estilo24\"><span style=\"color: #000000;\">Puntos relacionados con la teor\u00eda:<\/span><br \/><span style=\"color: #000000;\">&#8211; 11.6. Valor eficaz de tensi\u00f3n y corriente<\/span><\/p><div id=\"Layer56\" class=\"Estilo24\">\u00a0<\/div><p><span style=\"color: #000000;\"><a class=\"Estilo25\" style=\"color: #000000;\" href=\"http:\/\/www.physics-chemistry-interactive-flash-animation.com\/electricity_electromagnetism_interactive\/sine_waveform_voltage_AC.htm\" target=\"_blank\" rel=\"noopener\"><span class=\"Estilo24\">[<span style=\"color: #ff0000;\">Acceso a la simulaci\u00f3n<\/span>]<\/span><\/a><\/span><\/p>\t\t\t\t\t\t\t\t<\/div>\n\t\t\t\t<\/div>\n\t\t\t\t\t<\/div>\n\t\t<\/div>\n\t\t\t\t<div class=\"elementor-column elementor-col-66 elementor-top-column elementor-element elementor-element-98b1bbb\" data-id=\"98b1bbb\" data-element_type=\"column\" data-e-type=\"column\">\n\t\t\t<div class=\"elementor-widget-wrap elementor-element-populated\">\n\t\t\t\t\t\t<div class=\"elementor-element elementor-element-499329a elementor-widget elementor-widget-image\" data-id=\"499329a\" data-element_type=\"widget\" data-e-type=\"widget\" data-widget_type=\"image.default\">\n\t\t\t\t<div class=\"elementor-widget-container\">\n\t\t\t\t\t\t\t\t\t\t\t\t\t\t\t<img decoding=\"async\" width=\"186\" height=\"137\" src=\"https:\/\/fisica2.fica.unsl.edu.ar\/wp-content\/uploads\/2026\/02\/AP_T11_02.png\" class=\"attachment-large size-large wp-image-2890\" alt=\"\" \/>\t\t\t\t\t\t\t\t\t\t\t\t\t\t\t<\/div>\n\t\t\t\t<\/div>\n\t\t\t\t\t<\/div>\n\t\t<\/div>\n\t\t\t\t\t<\/div>\n\t\t<\/section>\n\t\t\t\t<section class=\"elementor-section elementor-top-section elementor-element elementor-element-4644870 elementor-section-boxed elementor-section-height-default elementor-section-height-default\" data-id=\"4644870\" data-element_type=\"section\" data-e-type=\"section\">\n\t\t\t\t\t\t<div class=\"elementor-container elementor-column-gap-default\">\n\t\t\t\t\t<div class=\"elementor-column elementor-col-33 elementor-top-column elementor-element elementor-element-214aab7\" data-id=\"214aab7\" data-element_type=\"column\" data-e-type=\"column\">\n\t\t\t<div class=\"elementor-widget-wrap elementor-element-populated\">\n\t\t\t\t\t\t<div class=\"elementor-element elementor-element-679a376 elementor-widget elementor-widget-text-editor\" data-id=\"679a376\" data-element_type=\"widget\" data-e-type=\"widget\" data-widget_type=\"text-editor.default\">\n\t\t\t\t<div class=\"elementor-widget-container\">\n\t\t\t\t\t\t\t\t\t<p class=\"Estilo24\"><span style=\"color: #000080;\"><strong>AP_T11_03<\/strong><\/span><br \/><span style=\"color: #000000;\">Diferentes simulaciones que permiten visualizar, analizar y trabajar en<\/span><br \/><span style=\"color: #000000;\">circuitos de Corriente Alterna (simples L, C \u00f3 R y complejos RLC)<\/span><br \/><span style=\"color: #000000;\">Cr\u00e9dito1: King Fahd University of Petroleum &amp; Minerals<\/span><br \/><span style=\"color: #000000;\">Cr\u00e9dito2: King Fahd University of Petroleum &amp; Minerals<\/span><br \/><span style=\"color: #000000;\">Cr\u00e9dito3: University of Wisconsin &#8211; Stevens Point<\/span><br \/><span style=\"color: #000000;\">Cr\u00e9dito4: University of Wisconsin &#8211; Stevens Point<\/span><br \/><span style=\"color: #000000;\">Cr\u00e9dito5: University of Wisconsin &#8211; Stevens Point<\/span><br \/><span style=\"color: #000000;\">Cr\u00e9dito6: University of Wisconsin &#8211; Stevens Point<\/span><br \/><span style=\"color: #000000;\">Cr\u00e9dito7: Marcelo Marinelli &#8211; GeoGebra<\/span><\/p><p class=\"Estilo24\"><span style=\"color: #000000;\">Puntos relacionados con la teor\u00eda:<\/span><br \/><span style=\"color: #000000;\">&#8211; 11.7. An\u00e1lisis de circuitos el\u00e9ctricos de corriente alterna<\/span><\/p><p class=\"Estilo24\"><span style=\"color: #000000;\"><a class=\"Estilo25\" style=\"color: #000000;\" href=\"http:\/\/faculty.kfupm.edu.sa\/PHYS\/magondal\/extra-applets\/applets\/sim39.htm\" target=\"_blank\" rel=\"noopener\">[<span style=\"color: #ff0000;\">Acceso a la simulaci\u00f3n 1<\/span>]<br \/><\/a><a class=\"Estilo25\" style=\"color: #000000;\" href=\"http:\/\/faculty.kfupm.edu.sa\/PHYS\/magondal\/extra-applets\/applets\/sim40.htm\" target=\"_blank\" rel=\"noopener\">[<span style=\"color: #ff0000;\">Acceso a la simulaci\u00f3n 2<\/span>]<br \/><\/a><a class=\"Estilo25\" style=\"color: #000000;\" href=\"http:\/\/www4.uwsp.edu\/physastr\/kmenning\/flash\/AF_3306.swf \" target=\"_blank\" rel=\"noopener\">[<span style=\"color: #ff0000;\">Acceso a la simulaci\u00f3n<\/span> <span style=\"color: #ff0000;\">3<\/span>]<br \/><\/a><a class=\"Estilo25\" style=\"color: #000000;\" href=\"http:\/\/www4.uwsp.edu\/physastr\/kmenning\/flash\/AF_3309.swf\" target=\"_blank\" rel=\"noopener\">[<span style=\"color: #ff0000;\">Acceso a l<\/span><span style=\"color: #000000;\"><span style=\"color: #ff0000;\">a simulaci\u00f3n 4<\/span>]<\/span><br \/><\/a><a class=\"Estilo25\" style=\"color: #000000;\" href=\"http:\/\/www4.uwsp.edu\/physastr\/kmenning\/flash\/AF_3302.swf\" target=\"_blank\" rel=\"noopener\"><span style=\"color: #000000;\">[<span style=\"color: #ff0000;\">Acceso a la simulaci\u00f3n 5<\/span>]<\/span><br \/><\/a><a class=\"Estilo25\" style=\"color: #000000;\" href=\"http:\/\/www4.uwsp.edu\/physastr\/kmenning\/flash\/AF_3313.swf\" target=\"_blank\" rel=\"noopener\">[<span style=\"color: #ff0000;\">Acceso a la simulaci\u00f3n 6<\/span>]<br \/><\/a><a class=\"Estilo25\" style=\"color: #000000;\" href=\"http:\/\/www.geogebra.org\/student\/m56692\" target=\"_blank\" rel=\"noopener\">[<span style=\"color: #ff0000;\">Acceso a la simulaci\u00f3n 7<\/span>]<\/a><\/span><\/p>\t\t\t\t\t\t\t\t<\/div>\n\t\t\t\t<\/div>\n\t\t\t\t\t<\/div>\n\t\t<\/div>\n\t\t\t\t<div class=\"elementor-column elementor-col-66 elementor-top-column elementor-element elementor-element-b655c32\" data-id=\"b655c32\" data-element_type=\"column\" data-e-type=\"column\">\n\t\t\t<div class=\"elementor-widget-wrap elementor-element-populated\">\n\t\t\t\t\t\t<div class=\"elementor-element elementor-element-8d5992d elementor-widget elementor-widget-image\" data-id=\"8d5992d\" data-element_type=\"widget\" data-e-type=\"widget\" data-widget_type=\"image.default\">\n\t\t\t\t<div class=\"elementor-widget-container\">\n\t\t\t\t\t\t\t\t\t\t\t\t\t\t\t<img decoding=\"async\" width=\"197\" height=\"139\" src=\"https:\/\/fisica2.fica.unsl.edu.ar\/wp-content\/uploads\/2026\/02\/AP_T11_03.png\" class=\"attachment-large size-large wp-image-2889\" alt=\"\" \/>\t\t\t\t\t\t\t\t\t\t\t\t\t\t\t<\/div>\n\t\t\t\t<\/div>\n\t\t\t\t<div class=\"elementor-element elementor-element-e58bc4e elementor-widget elementor-widget-image\" data-id=\"e58bc4e\" data-element_type=\"widget\" data-e-type=\"widget\" data-widget_type=\"image.default\">\n\t\t\t\t<div class=\"elementor-widget-container\">\n\t\t\t\t\t\t\t\t\t\t\t\t\t\t\t<img loading=\"lazy\" decoding=\"async\" width=\"204\" height=\"127\" src=\"https:\/\/fisica2.fica.unsl.edu.ar\/wp-content\/uploads\/2026\/02\/AP_T11_05.png\" class=\"attachment-large size-large wp-image-2887\" alt=\"\" \/>\t\t\t\t\t\t\t\t\t\t\t\t\t\t\t<\/div>\n\t\t\t\t<\/div>\n\t\t\t\t<div class=\"elementor-element elementor-element-7824cfd elementor-widget elementor-widget-image\" data-id=\"7824cfd\" data-element_type=\"widget\" data-e-type=\"widget\" data-widget_type=\"image.default\">\n\t\t\t\t<div class=\"elementor-widget-container\">\n\t\t\t\t\t\t\t\t\t\t\t\t\t\t\t<img loading=\"lazy\" decoding=\"async\" width=\"198\" height=\"149\" src=\"https:\/\/fisica2.fica.unsl.edu.ar\/wp-content\/uploads\/2026\/02\/AP_T11_04.png\" class=\"attachment-large size-large wp-image-2888\" alt=\"\" \/>\t\t\t\t\t\t\t\t\t\t\t\t\t\t\t<\/div>\n\t\t\t\t<\/div>\n\t\t\t\t\t<\/div>\n\t\t<\/div>\n\t\t\t\t\t<\/div>\n\t\t<\/section>\n\t\t\t\t<section class=\"elementor-section elementor-top-section elementor-element elementor-element-da85ebb elementor-section-boxed elementor-section-height-default elementor-section-height-default\" data-id=\"da85ebb\" data-element_type=\"section\" data-e-type=\"section\">\n\t\t\t\t\t\t<div class=\"elementor-container elementor-column-gap-default\">\n\t\t\t\t\t<div class=\"elementor-column elementor-col-100 elementor-top-column elementor-element elementor-element-160b456\" data-id=\"160b456\" data-element_type=\"column\" data-e-type=\"column\">\n\t\t\t<div class=\"elementor-widget-wrap\">\n\t\t\t\t\t\t\t<\/div>\n\t\t<\/div>\n\t\t\t\t\t<\/div>\n\t\t<\/section>\n\t\t\t\t<\/div>\n\t\t","protected":false},"excerpt":{"rendered":"<p>Simulaciones\/Software Si tienes configurado Google Chrome (como navegador predeterminado) y posees inconvenientes para visualizar alguna simulaci\u00f3n (por problemas de complementos o compatibilidad), copia el link&hellip;<\/p>\n","protected":false},"author":7,"featured_media":0,"parent":0,"menu_order":0,"comment_status":"closed","ping_status":"closed","template":"elementor_header_footer","meta":{"_monsterinsights_skip_tracking":false,"_monsterinsights_sitenote_active":false,"_monsterinsights_sitenote_note":"","_monsterinsights_sitenote_category":0,"footnotes":""},"class_list":["post-2904","page","type-page","status-publish","hentry"],"yoast_head":"<!-- This site is optimized with the Yoast SEO plugin v27.3 - https:\/\/yoast.com\/product\/yoast-seo-wordpress\/ -->\n<title>F2_T11_sys - F\u00edsica 2<\/title>\n<meta name=\"robots\" content=\"index, follow, max-snippet:-1, max-image-preview:large, max-video-preview:-1\" \/>\n<link rel=\"canonical\" href=\"https:\/\/fisica2.fica.unsl.edu.ar\/index.php\/f2_t11_sys\/\" \/>\n<meta property=\"og:locale\" content=\"es_ES\" \/>\n<meta property=\"og:type\" content=\"article\" \/>\n<meta property=\"og:title\" content=\"F2_T11_sys - F\u00edsica 2\" \/>\n<meta property=\"og:description\" content=\"Simulaciones\/Software Si tienes configurado Google Chrome (como navegador predeterminado) y posees inconvenientes para visualizar alguna simulaci\u00f3n (por problemas de complementos o compatibilidad), copia el link&hellip;\" \/>\n<meta property=\"og:url\" content=\"https:\/\/fisica2.fica.unsl.edu.ar\/index.php\/f2_t11_sys\/\" \/>\n<meta property=\"og:site_name\" content=\"F\u00edsica 2\" \/>\n<meta property=\"article:modified_time\" content=\"2026-02-19T15:59:15+00:00\" \/>\n<meta property=\"og:image\" content=\"https:\/\/fisica2.fica.unsl.edu.ar\/wp-content\/uploads\/2026\/02\/simulacion.gif\" \/>\n<meta name=\"twitter:card\" content=\"summary_large_image\" \/>\n<meta name=\"twitter:label1\" content=\"Tiempo de lectura\" \/>\n\t<meta name=\"twitter:data1\" content=\"3 minutos\" \/>\n<script type=\"application\/ld+json\" class=\"yoast-schema-graph\">{\"@context\":\"https:\\\/\\\/schema.org\",\"@graph\":[{\"@type\":\"WebPage\",\"@id\":\"https:\\\/\\\/fisica2.fica.unsl.edu.ar\\\/index.php\\\/f2_t11_sys\\\/\",\"url\":\"https:\\\/\\\/fisica2.fica.unsl.edu.ar\\\/index.php\\\/f2_t11_sys\\\/\",\"name\":\"F2_T11_sys - F\u00edsica 2\",\"isPartOf\":{\"@id\":\"https:\\\/\\\/fisica2.fica.unsl.edu.ar\\\/#website\"},\"primaryImageOfPage\":{\"@id\":\"https:\\\/\\\/fisica2.fica.unsl.edu.ar\\\/index.php\\\/f2_t11_sys\\\/#primaryimage\"},\"image\":{\"@id\":\"https:\\\/\\\/fisica2.fica.unsl.edu.ar\\\/index.php\\\/f2_t11_sys\\\/#primaryimage\"},\"thumbnailUrl\":\"https:\\\/\\\/fisica2.fica.unsl.edu.ar\\\/wp-content\\\/uploads\\\/2026\\\/02\\\/simulacion.gif\",\"datePublished\":\"2026-02-16T02:07:52+00:00\",\"dateModified\":\"2026-02-19T15:59:15+00:00\",\"breadcrumb\":{\"@id\":\"https:\\\/\\\/fisica2.fica.unsl.edu.ar\\\/index.php\\\/f2_t11_sys\\\/#breadcrumb\"},\"inLanguage\":\"es-AR\",\"potentialAction\":[{\"@type\":\"ReadAction\",\"target\":[\"https:\\\/\\\/fisica2.fica.unsl.edu.ar\\\/index.php\\\/f2_t11_sys\\\/\"]}]},{\"@type\":\"ImageObject\",\"inLanguage\":\"es-AR\",\"@id\":\"https:\\\/\\\/fisica2.fica.unsl.edu.ar\\\/index.php\\\/f2_t11_sys\\\/#primaryimage\",\"url\":\"https:\\\/\\\/fisica2.fica.unsl.edu.ar\\\/wp-content\\\/uploads\\\/2026\\\/02\\\/simulacion.gif\",\"contentUrl\":\"https:\\\/\\\/fisica2.fica.unsl.edu.ar\\\/wp-content\\\/uploads\\\/2026\\\/02\\\/simulacion.gif\",\"width\":640,\"height\":640},{\"@type\":\"BreadcrumbList\",\"@id\":\"https:\\\/\\\/fisica2.fica.unsl.edu.ar\\\/index.php\\\/f2_t11_sys\\\/#breadcrumb\",\"itemListElement\":[{\"@type\":\"ListItem\",\"position\":1,\"name\":\"Inicio\",\"item\":\"https:\\\/\\\/fisica2.fica.unsl.edu.ar\\\/\"},{\"@type\":\"ListItem\",\"position\":2,\"name\":\"F2_T11_sys\"}]},{\"@type\":\"WebSite\",\"@id\":\"https:\\\/\\\/fisica2.fica.unsl.edu.ar\\\/#website\",\"url\":\"https:\\\/\\\/fisica2.fica.unsl.edu.ar\\\/\",\"name\":\"F\u00edsica 2\",\"description\":\"FICA - UNSL\",\"publisher\":{\"@id\":\"https:\\\/\\\/fisica2.fica.unsl.edu.ar\\\/#organization\"},\"potentialAction\":[{\"@type\":\"SearchAction\",\"target\":{\"@type\":\"EntryPoint\",\"urlTemplate\":\"https:\\\/\\\/fisica2.fica.unsl.edu.ar\\\/?s={search_term_string}\"},\"query-input\":{\"@type\":\"PropertyValueSpecification\",\"valueRequired\":true,\"valueName\":\"search_term_string\"}}],\"inLanguage\":\"es-AR\"},{\"@type\":\"Organization\",\"@id\":\"https:\\\/\\\/fisica2.fica.unsl.edu.ar\\\/#organization\",\"name\":\"SAC- Secretar\u00eda General FICA\",\"url\":\"https:\\\/\\\/fisica2.fica.unsl.edu.ar\\\/\",\"logo\":{\"@type\":\"ImageObject\",\"inLanguage\":\"es-AR\",\"@id\":\"https:\\\/\\\/fisica2.fica.unsl.edu.ar\\\/#\\\/schema\\\/logo\\\/image\\\/\",\"url\":\"https:\\\/\\\/fisica2.fica.unsl.edu.ar\\\/wp-content\\\/uploads\\\/2021\\\/11\\\/SG-Logo.png\",\"contentUrl\":\"https:\\\/\\\/fisica2.fica.unsl.edu.ar\\\/wp-content\\\/uploads\\\/2021\\\/11\\\/SG-Logo.png\",\"width\":4483,\"height\":1231,\"caption\":\"SAC- Secretar\u00eda General FICA\"},\"image\":{\"@id\":\"https:\\\/\\\/fisica2.fica.unsl.edu.ar\\\/#\\\/schema\\\/logo\\\/image\\\/\"}}]}<\/script>\n<!-- \/ Yoast SEO plugin. -->","yoast_head_json":{"title":"F2_T11_sys - F\u00edsica 2","robots":{"index":"index","follow":"follow","max-snippet":"max-snippet:-1","max-image-preview":"max-image-preview:large","max-video-preview":"max-video-preview:-1"},"canonical":"https:\/\/fisica2.fica.unsl.edu.ar\/index.php\/f2_t11_sys\/","og_locale":"es_ES","og_type":"article","og_title":"F2_T11_sys - F\u00edsica 2","og_description":"Simulaciones\/Software Si tienes configurado Google Chrome (como navegador predeterminado) y posees inconvenientes para visualizar alguna simulaci\u00f3n (por problemas de complementos o compatibilidad), copia el link&hellip;","og_url":"https:\/\/fisica2.fica.unsl.edu.ar\/index.php\/f2_t11_sys\/","og_site_name":"F\u00edsica 2","article_modified_time":"2026-02-19T15:59:15+00:00","og_image":[{"url":"https:\/\/fisica2.fica.unsl.edu.ar\/wp-content\/uploads\/2026\/02\/simulacion.gif","type":"","width":"","height":""}],"twitter_card":"summary_large_image","twitter_misc":{"Tiempo de lectura":"3 minutos"},"schema":{"@context":"https:\/\/schema.org","@graph":[{"@type":"WebPage","@id":"https:\/\/fisica2.fica.unsl.edu.ar\/index.php\/f2_t11_sys\/","url":"https:\/\/fisica2.fica.unsl.edu.ar\/index.php\/f2_t11_sys\/","name":"F2_T11_sys - F\u00edsica 2","isPartOf":{"@id":"https:\/\/fisica2.fica.unsl.edu.ar\/#website"},"primaryImageOfPage":{"@id":"https:\/\/fisica2.fica.unsl.edu.ar\/index.php\/f2_t11_sys\/#primaryimage"},"image":{"@id":"https:\/\/fisica2.fica.unsl.edu.ar\/index.php\/f2_t11_sys\/#primaryimage"},"thumbnailUrl":"https:\/\/fisica2.fica.unsl.edu.ar\/wp-content\/uploads\/2026\/02\/simulacion.gif","datePublished":"2026-02-16T02:07:52+00:00","dateModified":"2026-02-19T15:59:15+00:00","breadcrumb":{"@id":"https:\/\/fisica2.fica.unsl.edu.ar\/index.php\/f2_t11_sys\/#breadcrumb"},"inLanguage":"es-AR","potentialAction":[{"@type":"ReadAction","target":["https:\/\/fisica2.fica.unsl.edu.ar\/index.php\/f2_t11_sys\/"]}]},{"@type":"ImageObject","inLanguage":"es-AR","@id":"https:\/\/fisica2.fica.unsl.edu.ar\/index.php\/f2_t11_sys\/#primaryimage","url":"https:\/\/fisica2.fica.unsl.edu.ar\/wp-content\/uploads\/2026\/02\/simulacion.gif","contentUrl":"https:\/\/fisica2.fica.unsl.edu.ar\/wp-content\/uploads\/2026\/02\/simulacion.gif","width":640,"height":640},{"@type":"BreadcrumbList","@id":"https:\/\/fisica2.fica.unsl.edu.ar\/index.php\/f2_t11_sys\/#breadcrumb","itemListElement":[{"@type":"ListItem","position":1,"name":"Inicio","item":"https:\/\/fisica2.fica.unsl.edu.ar\/"},{"@type":"ListItem","position":2,"name":"F2_T11_sys"}]},{"@type":"WebSite","@id":"https:\/\/fisica2.fica.unsl.edu.ar\/#website","url":"https:\/\/fisica2.fica.unsl.edu.ar\/","name":"F\u00edsica 2","description":"FICA - UNSL","publisher":{"@id":"https:\/\/fisica2.fica.unsl.edu.ar\/#organization"},"potentialAction":[{"@type":"SearchAction","target":{"@type":"EntryPoint","urlTemplate":"https:\/\/fisica2.fica.unsl.edu.ar\/?s={search_term_string}"},"query-input":{"@type":"PropertyValueSpecification","valueRequired":true,"valueName":"search_term_string"}}],"inLanguage":"es-AR"},{"@type":"Organization","@id":"https:\/\/fisica2.fica.unsl.edu.ar\/#organization","name":"SAC- Secretar\u00eda General FICA","url":"https:\/\/fisica2.fica.unsl.edu.ar\/","logo":{"@type":"ImageObject","inLanguage":"es-AR","@id":"https:\/\/fisica2.fica.unsl.edu.ar\/#\/schema\/logo\/image\/","url":"https:\/\/fisica2.fica.unsl.edu.ar\/wp-content\/uploads\/2021\/11\/SG-Logo.png","contentUrl":"https:\/\/fisica2.fica.unsl.edu.ar\/wp-content\/uploads\/2021\/11\/SG-Logo.png","width":4483,"height":1231,"caption":"SAC- Secretar\u00eda General FICA"},"image":{"@id":"https:\/\/fisica2.fica.unsl.edu.ar\/#\/schema\/logo\/image\/"}}]}},"_links":{"self":[{"href":"https:\/\/fisica2.fica.unsl.edu.ar\/index.php\/wp-json\/wp\/v2\/pages\/2904","targetHints":{"allow":["GET"]}}],"collection":[{"href":"https:\/\/fisica2.fica.unsl.edu.ar\/index.php\/wp-json\/wp\/v2\/pages"}],"about":[{"href":"https:\/\/fisica2.fica.unsl.edu.ar\/index.php\/wp-json\/wp\/v2\/types\/page"}],"author":[{"embeddable":true,"href":"https:\/\/fisica2.fica.unsl.edu.ar\/index.php\/wp-json\/wp\/v2\/users\/7"}],"replies":[{"embeddable":true,"href":"https:\/\/fisica2.fica.unsl.edu.ar\/index.php\/wp-json\/wp\/v2\/comments?post=2904"}],"version-history":[{"count":10,"href":"https:\/\/fisica2.fica.unsl.edu.ar\/index.php\/wp-json\/wp\/v2\/pages\/2904\/revisions"}],"predecessor-version":[{"id":4675,"href":"https:\/\/fisica2.fica.unsl.edu.ar\/index.php\/wp-json\/wp\/v2\/pages\/2904\/revisions\/4675"}],"wp:attachment":[{"href":"https:\/\/fisica2.fica.unsl.edu.ar\/index.php\/wp-json\/wp\/v2\/media?parent=2904"}],"curies":[{"name":"wp","href":"https:\/\/api.w.org\/{rel}","templated":true}]}}