{"id":2820,"date":"2026-02-15T22:15:26","date_gmt":"2026-02-16T01:15:26","guid":{"rendered":"https:\/\/fisica2.fica.unsl.edu.ar\/?page_id=2820"},"modified":"2026-02-25T23:25:56","modified_gmt":"2026-02-26T02:25:56","slug":"f2_notebooklm","status":"publish","type":"page","link":"https:\/\/fisica2.fica.unsl.edu.ar\/index.php\/f2_notebooklm\/","title":{"rendered":"F2_notebookLM"},"content":{"rendered":"\t\t<div data-elementor-type=\"wp-page\" data-elementor-id=\"2820\" class=\"elementor elementor-2820\">\n\t\t\t\t\t\t<section class=\"elementor-section elementor-top-section elementor-element elementor-element-16290ce elementor-section-height-min-height elementor-section-content-middle elementor-section-boxed elementor-section-height-default elementor-section-items-middle\" data-id=\"16290ce\" data-element_type=\"section\" data-e-type=\"section\">\n\t\t\t\t\t\t<div class=\"elementor-container elementor-column-gap-default\">\n\t\t\t\t\t<div class=\"elementor-column elementor-col-33 elementor-top-column elementor-element elementor-element-95ab741\" data-id=\"95ab741\" data-element_type=\"column\" data-e-type=\"column\">\n\t\t\t<div class=\"elementor-widget-wrap elementor-element-populated\">\n\t\t\t\t\t\t<div class=\"elementor-element elementor-element-8a58345 elementor-widget elementor-widget-image\" data-id=\"8a58345\" data-element_type=\"widget\" data-e-type=\"widget\" data-widget_type=\"image.default\">\n\t\t\t\t<div class=\"elementor-widget-container\">\n\t\t\t\t\t\t\t\t\t\t\t\t\t\t\t<img decoding=\"async\" src=\"https:\/\/fisica2.fica.unsl.edu.ar\/wp-content\/uploads\/elementor\/thumbs\/chat-rj7t8p86k94ts8rl4czi9qiwj0hdkdgq6571xotcvo.gif\" title=\"chat\" alt=\"chat\" loading=\"lazy\" \/>\t\t\t\t\t\t\t\t\t\t\t\t\t\t\t<\/div>\n\t\t\t\t<\/div>\n\t\t\t\t\t<\/div>\n\t\t<\/div>\n\t\t\t\t<div class=\"elementor-column elementor-col-66 elementor-top-column elementor-element elementor-element-47d728b\" data-id=\"47d728b\" data-element_type=\"column\" data-e-type=\"column\">\n\t\t\t<div class=\"elementor-widget-wrap elementor-element-populated\">\n\t\t\t\t\t\t<div class=\"elementor-element elementor-element-86f9678 elementor-widget elementor-widget-text-editor\" data-id=\"86f9678\" data-element_type=\"widget\" data-e-type=\"widget\" data-widget_type=\"text-editor.default\">\n\t\t\t\t<div class=\"elementor-widget-container\">\n\t\t\t\t\t\t\t\t\t<p><span style=\"font-size: 20px; color: #000080;\"><strong>NotebookLM<\/strong><\/span><\/p>\t\t\t\t\t\t\t\t<\/div>\n\t\t\t\t<\/div>\n\t\t\t\t\t<\/div>\n\t\t<\/div>\n\t\t\t\t\t<\/div>\n\t\t<\/section>\n\t\t\t\t<section class=\"elementor-section elementor-top-section elementor-element elementor-element-9365d87 elementor-section-boxed elementor-section-height-default elementor-section-height-default\" data-id=\"9365d87\" data-element_type=\"section\" data-e-type=\"section\">\n\t\t\t\t\t\t<div class=\"elementor-container elementor-column-gap-default\">\n\t\t\t\t\t<div class=\"elementor-column elementor-col-100 elementor-top-column elementor-element elementor-element-5e8c95b\" data-id=\"5e8c95b\" data-element_type=\"column\" data-e-type=\"column\">\n\t\t\t<div class=\"elementor-widget-wrap elementor-element-populated\">\n\t\t\t\t\t\t<div class=\"elementor-element elementor-element-575c217 elementor-widget elementor-widget-text-editor\" data-id=\"575c217\" data-element_type=\"widget\" data-e-type=\"widget\" data-widget_type=\"text-editor.default\">\n\t\t\t\t<div class=\"elementor-widget-container\">\n\t\t\t\t\t\t\t\t\t<p><span style=\"color: #000000;\">NotebookLM, una herramienta de inteligencia artificial desarrollada por Google.<\/span><\/p><p><span style=\"color: #000000;\">A trav\u00e9s de esta plataforma, los estudiantes pueden:<\/span><br \/><span style=\"color: #000000;\">&#8211; Formular preguntas -chatbot- sobre el material cargado (la herramienta responde exclusivamente en funci\u00f3n de los <\/span><span style=\"color: #000000;\">documentos, libros y apuntes de la asignatura.<\/span><br \/><span style=\"color: #000000;\">&#8211; Solicitar res\u00famenes de un tema o cap\u00edtulo.<\/span><br \/><span style=\"color: #000000;\">&#8211; Requerir explicaciones m\u00e1s sencillas o ejemplos pr\u00e1cticos.<\/span><br \/><span style=\"color: #000000;\">&#8211; Generar cuestionarios o preguntas de repaso para el estudio.<\/span><br \/><span style=\"color: #000000;\">&#8211; Elaborar mapas conceptuales o esquemas a partir de los textos.<\/span><br \/><span style=\"color: #000000;\">&#8211; Entre otras aplicaciones.<\/span><\/p><p><span style=\"color: #000000;\"><a style=\"color: #000000;\" href=\"https:\/\/notebooklm.google.com\/notebook\/d172e361-e558-4ddb-8eaa-35fcd67265c7\" target=\"_blank\" rel=\"noopener\"><span style=\"color: #ff0000;\">Enlace a notebookLM \/ F\u00edsica 2 Electricidad y Magnetismo<\/span><\/a><span style=\"color: #ff0000;\">\u00a0\u00a0\u00a0<\/span>\u00a0<\/span><\/p><p><span style=\"color: #000000;\"><a style=\"color: #000000;\" href=\"https:\/\/fisica2.fica.unsl.edu.ar\/wp-content\/uploads\/2026\/02\/NotebookLM.pdf\" target=\"_blank\" rel=\"noopener\"><span style=\"color: #ff0000;\">Breve instructivo NotebookLM<\/span><\/a><\/span><\/p><p><a href=\"https:\/\/fisica2.fica.unsl.edu.ar\/wp-content\/uploads\/2026\/02\/Guia_NotebookLM.pdf\"><span style=\"color: #ff0000;\">Gu\u00eda NotebookLM para profesionales de la educaci\u00f3n<\/span><\/a><\/p>\t\t\t\t\t\t\t\t<\/div>\n\t\t\t\t<\/div>\n\t\t\t\t\t<\/div>\n\t\t<\/div>\n\t\t\t\t\t<\/div>\n\t\t<\/section>\n\t\t\t\t<section class=\"elementor-section elementor-top-section elementor-element elementor-element-0d9484d elementor-section-boxed elementor-section-height-default elementor-section-height-default\" data-id=\"0d9484d\" data-element_type=\"section\" data-e-type=\"section\">\n\t\t\t\t\t\t<div class=\"elementor-container elementor-column-gap-default\">\n\t\t\t\t\t<div class=\"elementor-column elementor-col-100 elementor-top-column elementor-element elementor-element-c60363c\" data-id=\"c60363c\" data-element_type=\"column\" data-e-type=\"column\" data-settings=\"{&quot;background_background&quot;:&quot;gradient&quot;}\">\n\t\t\t<div class=\"elementor-widget-wrap elementor-element-populated\">\n\t\t\t\t\t\t<div class=\"elementor-element elementor-element-27707e6 elementor-widget elementor-widget-text-editor\" data-id=\"27707e6\" data-element_type=\"widget\" data-e-type=\"widget\" data-widget_type=\"text-editor.default\">\n\t\t\t\t<div class=\"elementor-widget-container\">\n\t\t\t\t\t\t\t\t\t<p><span style=\"color: #000000;\">\ud83d\udccc Queremos tu opini\u00f3n<\/span><br \/><span style=\"color: #000000;\">Despu\u00e9s de que lo utilices, nos interesar\u00eda saber qu\u00e9 te parecen los podcasts y el uso de NotebookLM. Pod\u00e9s dejar tus comentarios de forma an\u00f3nima en este <\/span><span style=\"color: #000000;\"><a href=\"https:\/\/docs.google.com\/forms\/d\/e\/1FAIpQLScmCKvsi_zQRbULrkBPyAtKw9CQv-lYbnf4_y8riaOQRXtNFg\/viewform?usp=header\"><span style=\"color: #ff0000;\">formulario<\/span><\/a><\/span><\/p>\t\t\t\t\t\t\t\t<\/div>\n\t\t\t\t<\/div>\n\t\t\t\t\t<\/div>\n\t\t<\/div>\n\t\t\t\t\t<\/div>\n\t\t<\/section>\n\t\t\t\t<section class=\"elementor-section elementor-top-section elementor-element elementor-element-2bc15b7 elementor-section-boxed elementor-section-height-default elementor-section-height-default\" data-id=\"2bc15b7\" data-element_type=\"section\" data-e-type=\"section\">\n\t\t\t\t\t\t<div class=\"elementor-container elementor-column-gap-default\">\n\t\t\t\t\t<div class=\"elementor-column elementor-col-100 elementor-top-column elementor-element elementor-element-bc63d7c\" data-id=\"bc63d7c\" data-element_type=\"column\" data-e-type=\"column\">\n\t\t\t<div class=\"elementor-widget-wrap elementor-element-populated\">\n\t\t\t\t\t\t<section class=\"elementor-section elementor-inner-section elementor-element elementor-element-e0d4cb0 elementor-section-boxed elementor-section-height-default elementor-section-height-default\" data-id=\"e0d4cb0\" data-element_type=\"section\" data-e-type=\"section\">\n\t\t\t\t\t\t<div class=\"elementor-container elementor-column-gap-default\">\n\t\t\t\t\t<div class=\"elementor-column elementor-col-50 elementor-inner-column elementor-element elementor-element-a707b3d\" data-id=\"a707b3d\" data-element_type=\"column\" data-e-type=\"column\">\n\t\t\t<div class=\"elementor-widget-wrap\">\n\t\t\t\t\t\t\t<\/div>\n\t\t<\/div>\n\t\t\t\t<div class=\"elementor-column elementor-col-50 elementor-inner-column elementor-element elementor-element-b76a4a4\" data-id=\"b76a4a4\" data-element_type=\"column\" data-e-type=\"column\">\n\t\t\t<div class=\"elementor-widget-wrap\">\n\t\t\t\t\t\t\t<\/div>\n\t\t<\/div>\n\t\t\t\t\t<\/div>\n\t\t<\/section>\n\t\t\t\t\t<\/div>\n\t\t<\/div>\n\t\t\t\t\t<\/div>\n\t\t<\/section>\n\t\t\t\t<section class=\"elementor-section elementor-top-section elementor-element elementor-element-d3841d5 elementor-section-boxed elementor-section-height-default elementor-section-height-default\" data-id=\"d3841d5\" data-element_type=\"section\" data-e-type=\"section\">\n\t\t\t\t\t\t<div class=\"elementor-container elementor-column-gap-default\">\n\t\t\t\t\t<div class=\"elementor-column elementor-col-100 elementor-top-column elementor-element elementor-element-eca2a25\" data-id=\"eca2a25\" data-element_type=\"column\" data-e-type=\"column\">\n\t\t\t<div class=\"elementor-widget-wrap elementor-element-populated\">\n\t\t\t\t\t\t<div class=\"elementor-element elementor-element-cad14ea elementor-widget elementor-widget-image\" data-id=\"cad14ea\" data-element_type=\"widget\" data-e-type=\"widget\" data-widget_type=\"image.default\">\n\t\t\t\t<div class=\"elementor-widget-container\">\n\t\t\t\t\t\t\t\t\t\t\t\t\t\t\t<img fetchpriority=\"high\" decoding=\"async\" width=\"843\" height=\"368\" src=\"https:\/\/fisica2.fica.unsl.edu.ar\/wp-content\/uploads\/2026\/02\/nototebookLM_F2-1024x447.png\" class=\"attachment-large size-large wp-image-4369\" alt=\"\" srcset=\"https:\/\/fisica2.fica.unsl.edu.ar\/wp-content\/uploads\/2026\/02\/nototebookLM_F2-1024x447.png 1024w, https:\/\/fisica2.fica.unsl.edu.ar\/wp-content\/uploads\/2026\/02\/nototebookLM_F2-300x131.png 300w, https:\/\/fisica2.fica.unsl.edu.ar\/wp-content\/uploads\/2026\/02\/nototebookLM_F2-768x335.png 768w, https:\/\/fisica2.fica.unsl.edu.ar\/wp-content\/uploads\/2026\/02\/nototebookLM_F2.png 1350w\" sizes=\"(max-width: 843px) 100vw, 843px\" \/>\t\t\t\t\t\t\t\t\t\t\t\t\t\t\t<\/div>\n\t\t\t\t<\/div>\n\t\t\t\t\t<\/div>\n\t\t<\/div>\n\t\t\t\t\t<\/div>\n\t\t<\/section>\n\t\t\t\t<section class=\"elementor-section elementor-top-section elementor-element elementor-element-4f2283b elementor-section-boxed elementor-section-height-default elementor-section-height-default\" data-id=\"4f2283b\" data-element_type=\"section\" data-e-type=\"section\">\n\t\t\t\t\t\t<div class=\"elementor-container elementor-column-gap-default\">\n\t\t\t\t\t<div class=\"elementor-column elementor-col-100 elementor-top-column elementor-element elementor-element-2fe070e\" data-id=\"2fe070e\" data-element_type=\"column\" data-e-type=\"column\">\n\t\t\t<div class=\"elementor-widget-wrap elementor-element-populated\">\n\t\t\t\t\t\t<div class=\"elementor-element elementor-element-6a7b6ed elementor-widget elementor-widget-text-editor\" data-id=\"6a7b6ed\" data-element_type=\"widget\" data-e-type=\"widget\" data-widget_type=\"text-editor.default\">\n\t\t\t\t<div class=\"elementor-widget-container\">\n\t\t\t\t\t\t\t\t\t<p><span style=\"color: #ffffff;\">A.<\/span><\/p>\t\t\t\t\t\t\t\t<\/div>\n\t\t\t\t<\/div>\n\t\t\t\t\t<\/div>\n\t\t<\/div>\n\t\t\t\t\t<\/div>\n\t\t<\/section>\n\t\t\t\t<\/div>\n\t\t","protected":false},"excerpt":{"rendered":"<p>NotebookLM NotebookLM, una herramienta de inteligencia artificial desarrollada por Google. A trav\u00e9s de esta plataforma, los estudiantes pueden:&#8211; Formular preguntas -chatbot- sobre el material cargado&hellip;<\/p>\n","protected":false},"author":7,"featured_media":0,"parent":0,"menu_order":0,"comment_status":"closed","ping_status":"closed","template":"elementor_header_footer","meta":{"_monsterinsights_skip_tracking":false,"_monsterinsights_sitenote_active":false,"_monsterinsights_sitenote_note":"","_monsterinsights_sitenote_category":0,"footnotes":""},"class_list":["post-2820","page","type-page","status-publish","hentry"],"yoast_head":"<!-- This site is optimized with the Yoast SEO plugin v27.3 - https:\/\/yoast.com\/product\/yoast-seo-wordpress\/ -->\n<title>F2_notebookLM - F\u00edsica 2<\/title>\n<meta name=\"robots\" content=\"index, follow, max-snippet:-1, max-image-preview:large, max-video-preview:-1\" \/>\n<link rel=\"canonical\" href=\"https:\/\/fisica2.fica.unsl.edu.ar\/index.php\/f2_notebooklm\/\" \/>\n<meta property=\"og:locale\" content=\"es_ES\" \/>\n<meta property=\"og:type\" content=\"article\" \/>\n<meta property=\"og:title\" content=\"F2_notebookLM - F\u00edsica 2\" \/>\n<meta property=\"og:description\" content=\"NotebookLM NotebookLM, una herramienta de inteligencia artificial desarrollada por Google. A trav\u00e9s de esta plataforma, los estudiantes pueden:&#8211; Formular preguntas -chatbot- sobre el material cargado&hellip;\" \/>\n<meta property=\"og:url\" content=\"https:\/\/fisica2.fica.unsl.edu.ar\/index.php\/f2_notebooklm\/\" \/>\n<meta property=\"og:site_name\" content=\"F\u00edsica 2\" \/>\n<meta property=\"article:modified_time\" content=\"2026-02-26T02:25:56+00:00\" \/>\n<meta property=\"og:image\" content=\"https:\/\/fisica2.fica.unsl.edu.ar\/wp-content\/uploads\/elementor\/thumbs\/chat-rj7t8p86k94ts8rl4czi9qiwj0hdkdgq6571xotcvo.gif\" \/>\n<meta name=\"twitter:card\" content=\"summary_large_image\" \/>\n<meta name=\"twitter:label1\" content=\"Tiempo de lectura\" \/>\n\t<meta name=\"twitter:data1\" content=\"2 minutos\" \/>\n<script type=\"application\/ld+json\" class=\"yoast-schema-graph\">{\"@context\":\"https:\\\/\\\/schema.org\",\"@graph\":[{\"@type\":\"WebPage\",\"@id\":\"https:\\\/\\\/fisica2.fica.unsl.edu.ar\\\/index.php\\\/f2_notebooklm\\\/\",\"url\":\"https:\\\/\\\/fisica2.fica.unsl.edu.ar\\\/index.php\\\/f2_notebooklm\\\/\",\"name\":\"F2_notebookLM - F\u00edsica 2\",\"isPartOf\":{\"@id\":\"https:\\\/\\\/fisica2.fica.unsl.edu.ar\\\/#website\"},\"primaryImageOfPage\":{\"@id\":\"https:\\\/\\\/fisica2.fica.unsl.edu.ar\\\/index.php\\\/f2_notebooklm\\\/#primaryimage\"},\"image\":{\"@id\":\"https:\\\/\\\/fisica2.fica.unsl.edu.ar\\\/index.php\\\/f2_notebooklm\\\/#primaryimage\"},\"thumbnailUrl\":\"https:\\\/\\\/fisica2.fica.unsl.edu.ar\\\/wp-content\\\/uploads\\\/elementor\\\/thumbs\\\/chat-rj7t8p86k94ts8rl4czi9qiwj0hdkdgq6571xotcvo.gif\",\"datePublished\":\"2026-02-16T01:15:26+00:00\",\"dateModified\":\"2026-02-26T02:25:56+00:00\",\"breadcrumb\":{\"@id\":\"https:\\\/\\\/fisica2.fica.unsl.edu.ar\\\/index.php\\\/f2_notebooklm\\\/#breadcrumb\"},\"inLanguage\":\"es-AR\",\"potentialAction\":[{\"@type\":\"ReadAction\",\"target\":[\"https:\\\/\\\/fisica2.fica.unsl.edu.ar\\\/index.php\\\/f2_notebooklm\\\/\"]}]},{\"@type\":\"ImageObject\",\"inLanguage\":\"es-AR\",\"@id\":\"https:\\\/\\\/fisica2.fica.unsl.edu.ar\\\/index.php\\\/f2_notebooklm\\\/#primaryimage\",\"url\":\"https:\\\/\\\/fisica2.fica.unsl.edu.ar\\\/wp-content\\\/uploads\\\/elementor\\\/thumbs\\\/chat-rj7t8p86k94ts8rl4czi9qiwj0hdkdgq6571xotcvo.gif\",\"contentUrl\":\"https:\\\/\\\/fisica2.fica.unsl.edu.ar\\\/wp-content\\\/uploads\\\/elementor\\\/thumbs\\\/chat-rj7t8p86k94ts8rl4czi9qiwj0hdkdgq6571xotcvo.gif\"},{\"@type\":\"BreadcrumbList\",\"@id\":\"https:\\\/\\\/fisica2.fica.unsl.edu.ar\\\/index.php\\\/f2_notebooklm\\\/#breadcrumb\",\"itemListElement\":[{\"@type\":\"ListItem\",\"position\":1,\"name\":\"Inicio\",\"item\":\"https:\\\/\\\/fisica2.fica.unsl.edu.ar\\\/\"},{\"@type\":\"ListItem\",\"position\":2,\"name\":\"F2_notebookLM\"}]},{\"@type\":\"WebSite\",\"@id\":\"https:\\\/\\\/fisica2.fica.unsl.edu.ar\\\/#website\",\"url\":\"https:\\\/\\\/fisica2.fica.unsl.edu.ar\\\/\",\"name\":\"F\u00edsica 2\",\"description\":\"FICA - UNSL\",\"publisher\":{\"@id\":\"https:\\\/\\\/fisica2.fica.unsl.edu.ar\\\/#organization\"},\"potentialAction\":[{\"@type\":\"SearchAction\",\"target\":{\"@type\":\"EntryPoint\",\"urlTemplate\":\"https:\\\/\\\/fisica2.fica.unsl.edu.ar\\\/?s={search_term_string}\"},\"query-input\":{\"@type\":\"PropertyValueSpecification\",\"valueRequired\":true,\"valueName\":\"search_term_string\"}}],\"inLanguage\":\"es-AR\"},{\"@type\":\"Organization\",\"@id\":\"https:\\\/\\\/fisica2.fica.unsl.edu.ar\\\/#organization\",\"name\":\"SAC- Secretar\u00eda General FICA\",\"url\":\"https:\\\/\\\/fisica2.fica.unsl.edu.ar\\\/\",\"logo\":{\"@type\":\"ImageObject\",\"inLanguage\":\"es-AR\",\"@id\":\"https:\\\/\\\/fisica2.fica.unsl.edu.ar\\\/#\\\/schema\\\/logo\\\/image\\\/\",\"url\":\"https:\\\/\\\/fisica2.fica.unsl.edu.ar\\\/wp-content\\\/uploads\\\/2021\\\/11\\\/SG-Logo.png\",\"contentUrl\":\"https:\\\/\\\/fisica2.fica.unsl.edu.ar\\\/wp-content\\\/uploads\\\/2021\\\/11\\\/SG-Logo.png\",\"width\":4483,\"height\":1231,\"caption\":\"SAC- Secretar\u00eda General FICA\"},\"image\":{\"@id\":\"https:\\\/\\\/fisica2.fica.unsl.edu.ar\\\/#\\\/schema\\\/logo\\\/image\\\/\"}}]}<\/script>\n<!-- \/ Yoast SEO plugin. -->","yoast_head_json":{"title":"F2_notebookLM - F\u00edsica 2","robots":{"index":"index","follow":"follow","max-snippet":"max-snippet:-1","max-image-preview":"max-image-preview:large","max-video-preview":"max-video-preview:-1"},"canonical":"https:\/\/fisica2.fica.unsl.edu.ar\/index.php\/f2_notebooklm\/","og_locale":"es_ES","og_type":"article","og_title":"F2_notebookLM - F\u00edsica 2","og_description":"NotebookLM NotebookLM, una herramienta de inteligencia artificial desarrollada por Google. A trav\u00e9s de esta plataforma, los estudiantes pueden:&#8211; Formular preguntas -chatbot- sobre el material cargado&hellip;","og_url":"https:\/\/fisica2.fica.unsl.edu.ar\/index.php\/f2_notebooklm\/","og_site_name":"F\u00edsica 2","article_modified_time":"2026-02-26T02:25:56+00:00","og_image":[{"url":"https:\/\/fisica2.fica.unsl.edu.ar\/wp-content\/uploads\/elementor\/thumbs\/chat-rj7t8p86k94ts8rl4czi9qiwj0hdkdgq6571xotcvo.gif","type":"","width":"","height":""}],"twitter_card":"summary_large_image","twitter_misc":{"Tiempo de lectura":"2 minutos"},"schema":{"@context":"https:\/\/schema.org","@graph":[{"@type":"WebPage","@id":"https:\/\/fisica2.fica.unsl.edu.ar\/index.php\/f2_notebooklm\/","url":"https:\/\/fisica2.fica.unsl.edu.ar\/index.php\/f2_notebooklm\/","name":"F2_notebookLM - F\u00edsica 2","isPartOf":{"@id":"https:\/\/fisica2.fica.unsl.edu.ar\/#website"},"primaryImageOfPage":{"@id":"https:\/\/fisica2.fica.unsl.edu.ar\/index.php\/f2_notebooklm\/#primaryimage"},"image":{"@id":"https:\/\/fisica2.fica.unsl.edu.ar\/index.php\/f2_notebooklm\/#primaryimage"},"thumbnailUrl":"https:\/\/fisica2.fica.unsl.edu.ar\/wp-content\/uploads\/elementor\/thumbs\/chat-rj7t8p86k94ts8rl4czi9qiwj0hdkdgq6571xotcvo.gif","datePublished":"2026-02-16T01:15:26+00:00","dateModified":"2026-02-26T02:25:56+00:00","breadcrumb":{"@id":"https:\/\/fisica2.fica.unsl.edu.ar\/index.php\/f2_notebooklm\/#breadcrumb"},"inLanguage":"es-AR","potentialAction":[{"@type":"ReadAction","target":["https:\/\/fisica2.fica.unsl.edu.ar\/index.php\/f2_notebooklm\/"]}]},{"@type":"ImageObject","inLanguage":"es-AR","@id":"https:\/\/fisica2.fica.unsl.edu.ar\/index.php\/f2_notebooklm\/#primaryimage","url":"https:\/\/fisica2.fica.unsl.edu.ar\/wp-content\/uploads\/elementor\/thumbs\/chat-rj7t8p86k94ts8rl4czi9qiwj0hdkdgq6571xotcvo.gif","contentUrl":"https:\/\/fisica2.fica.unsl.edu.ar\/wp-content\/uploads\/elementor\/thumbs\/chat-rj7t8p86k94ts8rl4czi9qiwj0hdkdgq6571xotcvo.gif"},{"@type":"BreadcrumbList","@id":"https:\/\/fisica2.fica.unsl.edu.ar\/index.php\/f2_notebooklm\/#breadcrumb","itemListElement":[{"@type":"ListItem","position":1,"name":"Inicio","item":"https:\/\/fisica2.fica.unsl.edu.ar\/"},{"@type":"ListItem","position":2,"name":"F2_notebookLM"}]},{"@type":"WebSite","@id":"https:\/\/fisica2.fica.unsl.edu.ar\/#website","url":"https:\/\/fisica2.fica.unsl.edu.ar\/","name":"F\u00edsica 2","description":"FICA - UNSL","publisher":{"@id":"https:\/\/fisica2.fica.unsl.edu.ar\/#organization"},"potentialAction":[{"@type":"SearchAction","target":{"@type":"EntryPoint","urlTemplate":"https:\/\/fisica2.fica.unsl.edu.ar\/?s={search_term_string}"},"query-input":{"@type":"PropertyValueSpecification","valueRequired":true,"valueName":"search_term_string"}}],"inLanguage":"es-AR"},{"@type":"Organization","@id":"https:\/\/fisica2.fica.unsl.edu.ar\/#organization","name":"SAC- Secretar\u00eda General FICA","url":"https:\/\/fisica2.fica.unsl.edu.ar\/","logo":{"@type":"ImageObject","inLanguage":"es-AR","@id":"https:\/\/fisica2.fica.unsl.edu.ar\/#\/schema\/logo\/image\/","url":"https:\/\/fisica2.fica.unsl.edu.ar\/wp-content\/uploads\/2021\/11\/SG-Logo.png","contentUrl":"https:\/\/fisica2.fica.unsl.edu.ar\/wp-content\/uploads\/2021\/11\/SG-Logo.png","width":4483,"height":1231,"caption":"SAC- Secretar\u00eda General FICA"},"image":{"@id":"https:\/\/fisica2.fica.unsl.edu.ar\/#\/schema\/logo\/image\/"}}]}},"_links":{"self":[{"href":"https:\/\/fisica2.fica.unsl.edu.ar\/index.php\/wp-json\/wp\/v2\/pages\/2820","targetHints":{"allow":["GET"]}}],"collection":[{"href":"https:\/\/fisica2.fica.unsl.edu.ar\/index.php\/wp-json\/wp\/v2\/pages"}],"about":[{"href":"https:\/\/fisica2.fica.unsl.edu.ar\/index.php\/wp-json\/wp\/v2\/types\/page"}],"author":[{"embeddable":true,"href":"https:\/\/fisica2.fica.unsl.edu.ar\/index.php\/wp-json\/wp\/v2\/users\/7"}],"replies":[{"embeddable":true,"href":"https:\/\/fisica2.fica.unsl.edu.ar\/index.php\/wp-json\/wp\/v2\/comments?post=2820"}],"version-history":[{"count":37,"href":"https:\/\/fisica2.fica.unsl.edu.ar\/index.php\/wp-json\/wp\/v2\/pages\/2820\/revisions"}],"predecessor-version":[{"id":5301,"href":"https:\/\/fisica2.fica.unsl.edu.ar\/index.php\/wp-json\/wp\/v2\/pages\/2820\/revisions\/5301"}],"wp:attachment":[{"href":"https:\/\/fisica2.fica.unsl.edu.ar\/index.php\/wp-json\/wp\/v2\/media?parent=2820"}],"curies":[{"name":"wp","href":"https:\/\/api.w.org\/{rel}","templated":true}]}}