{"id":2564,"date":"2026-02-14T22:11:35","date_gmt":"2026-02-15T01:11:35","guid":{"rendered":"https:\/\/fisica2.fica.unsl.edu.ar\/?page_id=2564"},"modified":"2026-02-19T13:23:26","modified_gmt":"2026-02-19T16:23:26","slug":"f2_t6_vc","status":"publish","type":"page","link":"https:\/\/fisica2.fica.unsl.edu.ar\/index.php\/f2_t6_vc\/","title":{"rendered":"F2_T6_vc"},"content":{"rendered":"\t\t<div data-elementor-type=\"wp-page\" data-elementor-id=\"2564\" class=\"elementor elementor-2564\">\n\t\t\t\t\t\t<section class=\"elementor-section elementor-top-section elementor-element elementor-element-893b194 elementor-section-height-min-height elementor-section-content-middle elementor-section-boxed elementor-section-height-default elementor-section-items-middle\" data-id=\"893b194\" data-element_type=\"section\" data-e-type=\"section\">\n\t\t\t\t\t\t<div class=\"elementor-container elementor-column-gap-default\">\n\t\t\t\t\t<div class=\"elementor-column elementor-col-33 elementor-top-column elementor-element elementor-element-14c70a2\" data-id=\"14c70a2\" data-element_type=\"column\" data-e-type=\"column\">\n\t\t\t<div class=\"elementor-widget-wrap elementor-element-populated\">\n\t\t\t\t\t\t<div class=\"elementor-element elementor-element-6c589bc elementor-widget elementor-widget-image\" data-id=\"6c589bc\" data-element_type=\"widget\" data-e-type=\"widget\" data-widget_type=\"image.default\">\n\t\t\t\t<div class=\"elementor-widget-container\">\n\t\t\t\t\t\t\t\t\t\t\t\t\t\t\t<img decoding=\"async\" src=\"https:\/\/fisica2.fica.unsl.edu.ar\/wp-content\/uploads\/2026\/02\/videos.gif\" title=\"videos\" alt=\"videos\" loading=\"lazy\" \/>\t\t\t\t\t\t\t\t\t\t\t\t\t\t\t<\/div>\n\t\t\t\t<\/div>\n\t\t\t\t\t<\/div>\n\t\t<\/div>\n\t\t\t\t<div class=\"elementor-column elementor-col-66 elementor-top-column elementor-element elementor-element-c6d0a71\" data-id=\"c6d0a71\" data-element_type=\"column\" data-e-type=\"column\">\n\t\t\t<div class=\"elementor-widget-wrap elementor-element-populated\">\n\t\t\t\t\t\t<div class=\"elementor-element elementor-element-7211c0e elementor-widget elementor-widget-text-editor\" data-id=\"7211c0e\" data-element_type=\"widget\" data-e-type=\"widget\" data-widget_type=\"text-editor.default\">\n\t\t\t\t<div class=\"elementor-widget-container\">\n\t\t\t\t\t\t\t\t\t<p><span style=\"font-size: 20px; color: #000080;\"><strong>Videos conceptuales<\/strong><\/span><\/p>\t\t\t\t\t\t\t\t<\/div>\n\t\t\t\t<\/div>\n\t\t\t\t\t<\/div>\n\t\t<\/div>\n\t\t\t\t\t<\/div>\n\t\t<\/section>\n\t\t\t\t<section class=\"elementor-section elementor-top-section elementor-element elementor-element-f8d2d40 elementor-section-boxed elementor-section-height-default elementor-section-height-default\" data-id=\"f8d2d40\" data-element_type=\"section\" data-e-type=\"section\">\n\t\t\t\t\t\t<div class=\"elementor-container elementor-column-gap-default\">\n\t\t\t\t\t<div class=\"elementor-column elementor-col-33 elementor-top-column elementor-element elementor-element-0180a8d\" data-id=\"0180a8d\" data-element_type=\"column\" data-e-type=\"column\">\n\t\t\t<div class=\"elementor-widget-wrap elementor-element-populated\">\n\t\t\t\t\t\t<div class=\"elementor-element elementor-element-c0f9a33 elementor-widget elementor-widget-text-editor\" data-id=\"c0f9a33\" data-element_type=\"widget\" data-e-type=\"widget\" data-widget_type=\"text-editor.default\">\n\t\t\t\t<div class=\"elementor-widget-container\">\n\t\t\t\t\t\t\t\t\t<p><span style=\"color: #000080;\"><strong>VC_T6_01<\/strong><\/span><br \/><span style=\"color: #000000;\">Serie de videos que permiten conceptualizar temas referentes a<\/span><br \/><span style=\"color: #000000;\">circuitos en corriente continua.<\/span><br \/><span style=\"color: #000000;\">Cr\u00e9dito: emitivo por TVE2 copyright California Inst. Tec. &amp;<\/span><br \/><span style=\"color: #000000;\">Corp. Community College TV<\/span><\/p><p><span style=\"color: #000000;\">Puntos relacionados con la teor\u00eda:<\/span><br \/><span style=\"color: #000000;\">&#8211; 6.1 Ca\u00edda de potencial y campo E en un conductor<\/span><br \/><span style=\"color: #000000;\">&#8211; 6.2 Teor\u00eda cin\u00e9tica de la corriente el\u00e9ctrica<\/span><br \/><span style=\"color: #000000;\">&#8211; 6.3 Resistividad y resistencia<\/span><br \/><span style=\"color: #000000;\">&#8211; 6.4 Ley de Ohm<\/span><br \/><span style=\"color: #000000;\">&#8211; 6.6 Ley de Joule<\/span><br \/><span style=\"color: #000000;\">&#8211; 6.8 El generador de energ\u00eda el\u00e9ctrica<\/span><br \/><span style=\"color: #000000;\">&#8211; 6.9 Representaci\u00f3n de circuitos<\/span><br \/><span style=\"color: #000000;\">&#8211; 6.10 Conexi\u00f3n de resistencias<\/span><br \/><span style=\"color: #000000;\">&#8211; 6.12 Leyes de Kirchhoff<\/span><\/p><p><span style=\"color: #000000;\"><span class=\"Estilo25\"><a class=\"Estilo25\" style=\"color: #000000;\" href=\"1leyohm.wmv\" target=\"_blank\" rel=\"noopener\"><span style=\"color: #ff0000;\">Ley de Ohm [.mwv]<\/span><\/a><\/span><span style=\"color: #ff0000;\">\u00a0(<\/span>1058KB)<\/span><br \/><span style=\"color: #000000;\"><span class=\"Estilo25\" style=\"color: #ff0000;\"><a class=\"Estilo25\" style=\"color: #ff0000;\" href=\"2resistencia.wmv\" target=\"_blank\" rel=\"noopener\">La resistencia el\u00e9ctrica [.mwv]<\/a><\/span>\u00a0(391KB)<\/span><br \/><span style=\"color: #000000;\"><span class=\"Estilo25\"><a class=\"Estilo25\" style=\"color: #000000;\" href=\"3material-resistencia.wmv\" target=\"_blank\" rel=\"noopener\"><span style=\"color: #ff0000;\">Material. Resistencia [.wmv<\/span>]<\/a><\/span>\u00a0(785KB)<\/span><br \/><span style=\"color: #000000;\"><span class=\"Estilo25\" style=\"color: #ff0000;\"><a class=\"Estilo25\" style=\"color: #ff0000;\" href=\"4leyjoule.wmv\" target=\"_blank\" rel=\"noopener\">Ley de Joule [.wmv]<\/a><\/span>\u00a0(466KB)<\/span><br \/><span style=\"color: #000000;\"><span class=\"Estilo25\" style=\"color: #ff0000;\"><a class=\"Estilo25\" style=\"color: #ff0000;\" href=\"5leykirchhoff.wmv\" target=\"_blank\" rel=\"noopener\">Leyes de Kirchhoff [.wmv]<\/a><\/span>\u00a0(564KB)<\/span><br \/><span style=\"color: #000000;\"><span class=\"Estilo25\"><a class=\"Estilo25\" style=\"color: #000000;\" href=\"6wheatstone.wmv\" target=\"_blank\" rel=\"noopener\"><span style=\"color: #ff0000;\">Puente de Wheatstone [.wmv]<\/span><\/a><\/span><span style=\"color: #ff0000;\">\u00a0<\/span>(442KB)<\/span><\/p>\t\t\t\t\t\t\t\t<\/div>\n\t\t\t\t<\/div>\n\t\t\t\t\t<\/div>\n\t\t<\/div>\n\t\t\t\t<div class=\"elementor-column elementor-col-66 elementor-top-column elementor-element elementor-element-f7a5c68\" data-id=\"f7a5c68\" data-element_type=\"column\" data-e-type=\"column\">\n\t\t\t<div class=\"elementor-widget-wrap elementor-element-populated\">\n\t\t\t\t\t\t<div class=\"elementor-element elementor-element-56dea5e elementor-widget elementor-widget-image\" data-id=\"56dea5e\" data-element_type=\"widget\" data-e-type=\"widget\" data-widget_type=\"image.default\">\n\t\t\t\t<div class=\"elementor-widget-container\">\n\t\t\t\t\t\t\t\t\t\t\t\t\t\t\t<img decoding=\"async\" width=\"100\" height=\"69\" src=\"https:\/\/fisica2.fica.unsl.edu.ar\/wp-content\/uploads\/2026\/02\/leydeohm.jpg\" class=\"attachment-large size-large wp-image-2566\" alt=\"\" \/>\t\t\t\t\t\t\t\t\t\t\t\t\t\t\t<\/div>\n\t\t\t\t<\/div>\n\t\t\t\t\t<\/div>\n\t\t<\/div>\n\t\t\t\t\t<\/div>\n\t\t<\/section>\n\t\t\t\t<section class=\"elementor-section elementor-top-section elementor-element elementor-element-09eeb6d elementor-section-boxed elementor-section-height-default elementor-section-height-default\" data-id=\"09eeb6d\" data-element_type=\"section\" data-e-type=\"section\">\n\t\t\t\t\t\t<div class=\"elementor-container elementor-column-gap-default\">\n\t\t\t\t\t<div class=\"elementor-column elementor-col-33 elementor-top-column elementor-element elementor-element-4be5891\" data-id=\"4be5891\" data-element_type=\"column\" data-e-type=\"column\">\n\t\t\t<div class=\"elementor-widget-wrap elementor-element-populated\">\n\t\t\t\t\t\t<div class=\"elementor-element elementor-element-f656e56 elementor-widget elementor-widget-text-editor\" data-id=\"f656e56\" data-element_type=\"widget\" data-e-type=\"widget\" data-widget_type=\"text-editor.default\">\n\t\t\t\t<div class=\"elementor-widget-container\">\n\t\t\t\t\t\t\t\t\t<p class=\"Estilo24\"><span style=\"color: #000080;\"><strong>VC_T6_02<\/strong><\/span><br \/><span style=\"color: #000000;\">Video que simula el movimiento de los electrones en un<\/span><br \/><span style=\"color: #000000;\">material conductor.<\/span><br \/><span style=\"color: #000000;\">Cr\u00e9dito: s\/datos<\/span><\/p><p><span style=\"color: #000000;\">Puntos relacionados con la teor\u00eda:<\/span><br \/><span style=\"color: #000000;\">&#8211; 6.1 Ca\u00edda de potencial y campo E en un conductor<\/span><br \/><span style=\"color: #000000;\">&#8211; 6.2 Teor\u00eda cin\u00e9tica de la corriente el\u00e9ctrica<\/span><br \/><span style=\"color: #000000;\">&#8211; 6.3 Resistividad y resistencia<\/span><\/p><p class=\"Estilo24\"><span style=\"color: #000000;\"><span class=\"Estilo25\"><a class=\"Estilo25\" style=\"color: #000000;\" href=\"movimiento_cargas.MOV\" target=\"_blank\" rel=\"noopener\"><span style=\"color: #ff0000;\">Movimiento de cargas [.mov]<\/span><\/a><\/span>\u00a0(1029KB)<\/span><\/p>\t\t\t\t\t\t\t\t<\/div>\n\t\t\t\t<\/div>\n\t\t\t\t\t<\/div>\n\t\t<\/div>\n\t\t\t\t<div class=\"elementor-column elementor-col-66 elementor-top-column elementor-element elementor-element-0d00194\" data-id=\"0d00194\" data-element_type=\"column\" data-e-type=\"column\">\n\t\t\t<div class=\"elementor-widget-wrap elementor-element-populated\">\n\t\t\t\t\t\t<div class=\"elementor-element elementor-element-20c5b39 elementor-widget elementor-widget-image\" data-id=\"20c5b39\" data-element_type=\"widget\" data-e-type=\"widget\" data-widget_type=\"image.default\">\n\t\t\t\t<div class=\"elementor-widget-container\">\n\t\t\t\t\t\t\t\t\t\t\t\t\t\t\t<img decoding=\"async\" width=\"142\" height=\"143\" src=\"https:\/\/fisica2.fica.unsl.edu.ar\/wp-content\/uploads\/2026\/02\/F2_T6_vc_clip_image002.jpg\" class=\"attachment-large size-large wp-image-2554\" alt=\"\" \/>\t\t\t\t\t\t\t\t\t\t\t\t\t\t\t<\/div>\n\t\t\t\t<\/div>\n\t\t\t\t\t<\/div>\n\t\t<\/div>\n\t\t\t\t\t<\/div>\n\t\t<\/section>\n\t\t\t\t<section class=\"elementor-section elementor-top-section elementor-element elementor-element-5d2304b elementor-section-boxed elementor-section-height-default elementor-section-height-default\" data-id=\"5d2304b\" data-element_type=\"section\" data-e-type=\"section\">\n\t\t\t\t\t\t<div class=\"elementor-container elementor-column-gap-default\">\n\t\t\t\t\t<div class=\"elementor-column elementor-col-33 elementor-top-column elementor-element elementor-element-0265faa\" data-id=\"0265faa\" data-element_type=\"column\" data-e-type=\"column\">\n\t\t\t<div class=\"elementor-widget-wrap\">\n\t\t\t\t\t\t\t<\/div>\n\t\t<\/div>\n\t\t\t\t<div class=\"elementor-column elementor-col-66 elementor-top-column elementor-element elementor-element-256a9b0\" data-id=\"256a9b0\" data-element_type=\"column\" data-e-type=\"column\">\n\t\t\t<div class=\"elementor-widget-wrap\">\n\t\t\t\t\t\t\t<\/div>\n\t\t<\/div>\n\t\t\t\t\t<\/div>\n\t\t<\/section>\n\t\t\t\t<\/div>\n\t\t","protected":false},"excerpt":{"rendered":"<p>Videos conceptuales VC_T6_01Serie de videos que permiten conceptualizar temas referentes acircuitos en corriente continua.Cr\u00e9dito: emitivo por TVE2 copyright California Inst. Tec. &amp;Corp. Community College TV&hellip;<\/p>\n","protected":false},"author":7,"featured_media":0,"parent":0,"menu_order":0,"comment_status":"closed","ping_status":"closed","template":"elementor_header_footer","meta":{"_monsterinsights_skip_tracking":false,"_monsterinsights_sitenote_active":false,"_monsterinsights_sitenote_note":"","_monsterinsights_sitenote_category":0,"footnotes":""},"class_list":["post-2564","page","type-page","status-publish","hentry"],"yoast_head":"<!-- This site is optimized with the Yoast SEO plugin v27.3 - https:\/\/yoast.com\/product\/yoast-seo-wordpress\/ -->\n<title>F2_T6_vc - F\u00edsica 2<\/title>\n<meta name=\"robots\" content=\"index, follow, max-snippet:-1, max-image-preview:large, max-video-preview:-1\" \/>\n<link rel=\"canonical\" href=\"https:\/\/fisica2.fica.unsl.edu.ar\/index.php\/f2_t6_vc\/\" \/>\n<meta property=\"og:locale\" content=\"es_ES\" \/>\n<meta property=\"og:type\" content=\"article\" \/>\n<meta property=\"og:title\" content=\"F2_T6_vc - F\u00edsica 2\" \/>\n<meta property=\"og:description\" content=\"Videos conceptuales VC_T6_01Serie de videos que permiten conceptualizar temas referentes acircuitos en corriente continua.Cr\u00e9dito: emitivo por TVE2 copyright California Inst. Tec. &amp;Corp. Community College TV&hellip;\" \/>\n<meta property=\"og:url\" content=\"https:\/\/fisica2.fica.unsl.edu.ar\/index.php\/f2_t6_vc\/\" \/>\n<meta property=\"og:site_name\" content=\"F\u00edsica 2\" \/>\n<meta property=\"article:modified_time\" content=\"2026-02-19T16:23:26+00:00\" \/>\n<meta property=\"og:image\" content=\"https:\/\/fisica2.fica.unsl.edu.ar\/wp-content\/uploads\/2026\/02\/videos.gif\" \/>\n<meta name=\"twitter:card\" content=\"summary_large_image\" \/>\n<meta name=\"twitter:label1\" content=\"Tiempo de lectura\" \/>\n\t<meta name=\"twitter:data1\" content=\"2 minutos\" \/>\n<script type=\"application\/ld+json\" class=\"yoast-schema-graph\">{\"@context\":\"https:\\\/\\\/schema.org\",\"@graph\":[{\"@type\":\"WebPage\",\"@id\":\"https:\\\/\\\/fisica2.fica.unsl.edu.ar\\\/index.php\\\/f2_t6_vc\\\/\",\"url\":\"https:\\\/\\\/fisica2.fica.unsl.edu.ar\\\/index.php\\\/f2_t6_vc\\\/\",\"name\":\"F2_T6_vc - F\u00edsica 2\",\"isPartOf\":{\"@id\":\"https:\\\/\\\/fisica2.fica.unsl.edu.ar\\\/#website\"},\"primaryImageOfPage\":{\"@id\":\"https:\\\/\\\/fisica2.fica.unsl.edu.ar\\\/index.php\\\/f2_t6_vc\\\/#primaryimage\"},\"image\":{\"@id\":\"https:\\\/\\\/fisica2.fica.unsl.edu.ar\\\/index.php\\\/f2_t6_vc\\\/#primaryimage\"},\"thumbnailUrl\":\"https:\\\/\\\/fisica2.fica.unsl.edu.ar\\\/wp-content\\\/uploads\\\/2026\\\/02\\\/videos.gif\",\"datePublished\":\"2026-02-15T01:11:35+00:00\",\"dateModified\":\"2026-02-19T16:23:26+00:00\",\"breadcrumb\":{\"@id\":\"https:\\\/\\\/fisica2.fica.unsl.edu.ar\\\/index.php\\\/f2_t6_vc\\\/#breadcrumb\"},\"inLanguage\":\"es-AR\",\"potentialAction\":[{\"@type\":\"ReadAction\",\"target\":[\"https:\\\/\\\/fisica2.fica.unsl.edu.ar\\\/index.php\\\/f2_t6_vc\\\/\"]}]},{\"@type\":\"ImageObject\",\"inLanguage\":\"es-AR\",\"@id\":\"https:\\\/\\\/fisica2.fica.unsl.edu.ar\\\/index.php\\\/f2_t6_vc\\\/#primaryimage\",\"url\":\"https:\\\/\\\/fisica2.fica.unsl.edu.ar\\\/wp-content\\\/uploads\\\/2026\\\/02\\\/videos.gif\",\"contentUrl\":\"https:\\\/\\\/fisica2.fica.unsl.edu.ar\\\/wp-content\\\/uploads\\\/2026\\\/02\\\/videos.gif\",\"width\":640,\"height\":640},{\"@type\":\"BreadcrumbList\",\"@id\":\"https:\\\/\\\/fisica2.fica.unsl.edu.ar\\\/index.php\\\/f2_t6_vc\\\/#breadcrumb\",\"itemListElement\":[{\"@type\":\"ListItem\",\"position\":1,\"name\":\"Inicio\",\"item\":\"https:\\\/\\\/fisica2.fica.unsl.edu.ar\\\/\"},{\"@type\":\"ListItem\",\"position\":2,\"name\":\"F2_T6_vc\"}]},{\"@type\":\"WebSite\",\"@id\":\"https:\\\/\\\/fisica2.fica.unsl.edu.ar\\\/#website\",\"url\":\"https:\\\/\\\/fisica2.fica.unsl.edu.ar\\\/\",\"name\":\"F\u00edsica 2\",\"description\":\"FICA - UNSL\",\"publisher\":{\"@id\":\"https:\\\/\\\/fisica2.fica.unsl.edu.ar\\\/#organization\"},\"potentialAction\":[{\"@type\":\"SearchAction\",\"target\":{\"@type\":\"EntryPoint\",\"urlTemplate\":\"https:\\\/\\\/fisica2.fica.unsl.edu.ar\\\/?s={search_term_string}\"},\"query-input\":{\"@type\":\"PropertyValueSpecification\",\"valueRequired\":true,\"valueName\":\"search_term_string\"}}],\"inLanguage\":\"es-AR\"},{\"@type\":\"Organization\",\"@id\":\"https:\\\/\\\/fisica2.fica.unsl.edu.ar\\\/#organization\",\"name\":\"SAC- Secretar\u00eda General FICA\",\"url\":\"https:\\\/\\\/fisica2.fica.unsl.edu.ar\\\/\",\"logo\":{\"@type\":\"ImageObject\",\"inLanguage\":\"es-AR\",\"@id\":\"https:\\\/\\\/fisica2.fica.unsl.edu.ar\\\/#\\\/schema\\\/logo\\\/image\\\/\",\"url\":\"https:\\\/\\\/fisica2.fica.unsl.edu.ar\\\/wp-content\\\/uploads\\\/2021\\\/11\\\/SG-Logo.png\",\"contentUrl\":\"https:\\\/\\\/fisica2.fica.unsl.edu.ar\\\/wp-content\\\/uploads\\\/2021\\\/11\\\/SG-Logo.png\",\"width\":4483,\"height\":1231,\"caption\":\"SAC- Secretar\u00eda General FICA\"},\"image\":{\"@id\":\"https:\\\/\\\/fisica2.fica.unsl.edu.ar\\\/#\\\/schema\\\/logo\\\/image\\\/\"}}]}<\/script>\n<!-- \/ Yoast SEO plugin. -->","yoast_head_json":{"title":"F2_T6_vc - F\u00edsica 2","robots":{"index":"index","follow":"follow","max-snippet":"max-snippet:-1","max-image-preview":"max-image-preview:large","max-video-preview":"max-video-preview:-1"},"canonical":"https:\/\/fisica2.fica.unsl.edu.ar\/index.php\/f2_t6_vc\/","og_locale":"es_ES","og_type":"article","og_title":"F2_T6_vc - F\u00edsica 2","og_description":"Videos conceptuales VC_T6_01Serie de videos que permiten conceptualizar temas referentes acircuitos en corriente continua.Cr\u00e9dito: emitivo por TVE2 copyright California Inst. Tec. &amp;Corp. Community College TV&hellip;","og_url":"https:\/\/fisica2.fica.unsl.edu.ar\/index.php\/f2_t6_vc\/","og_site_name":"F\u00edsica 2","article_modified_time":"2026-02-19T16:23:26+00:00","og_image":[{"url":"https:\/\/fisica2.fica.unsl.edu.ar\/wp-content\/uploads\/2026\/02\/videos.gif","type":"","width":"","height":""}],"twitter_card":"summary_large_image","twitter_misc":{"Tiempo de lectura":"2 minutos"},"schema":{"@context":"https:\/\/schema.org","@graph":[{"@type":"WebPage","@id":"https:\/\/fisica2.fica.unsl.edu.ar\/index.php\/f2_t6_vc\/","url":"https:\/\/fisica2.fica.unsl.edu.ar\/index.php\/f2_t6_vc\/","name":"F2_T6_vc - F\u00edsica 2","isPartOf":{"@id":"https:\/\/fisica2.fica.unsl.edu.ar\/#website"},"primaryImageOfPage":{"@id":"https:\/\/fisica2.fica.unsl.edu.ar\/index.php\/f2_t6_vc\/#primaryimage"},"image":{"@id":"https:\/\/fisica2.fica.unsl.edu.ar\/index.php\/f2_t6_vc\/#primaryimage"},"thumbnailUrl":"https:\/\/fisica2.fica.unsl.edu.ar\/wp-content\/uploads\/2026\/02\/videos.gif","datePublished":"2026-02-15T01:11:35+00:00","dateModified":"2026-02-19T16:23:26+00:00","breadcrumb":{"@id":"https:\/\/fisica2.fica.unsl.edu.ar\/index.php\/f2_t6_vc\/#breadcrumb"},"inLanguage":"es-AR","potentialAction":[{"@type":"ReadAction","target":["https:\/\/fisica2.fica.unsl.edu.ar\/index.php\/f2_t6_vc\/"]}]},{"@type":"ImageObject","inLanguage":"es-AR","@id":"https:\/\/fisica2.fica.unsl.edu.ar\/index.php\/f2_t6_vc\/#primaryimage","url":"https:\/\/fisica2.fica.unsl.edu.ar\/wp-content\/uploads\/2026\/02\/videos.gif","contentUrl":"https:\/\/fisica2.fica.unsl.edu.ar\/wp-content\/uploads\/2026\/02\/videos.gif","width":640,"height":640},{"@type":"BreadcrumbList","@id":"https:\/\/fisica2.fica.unsl.edu.ar\/index.php\/f2_t6_vc\/#breadcrumb","itemListElement":[{"@type":"ListItem","position":1,"name":"Inicio","item":"https:\/\/fisica2.fica.unsl.edu.ar\/"},{"@type":"ListItem","position":2,"name":"F2_T6_vc"}]},{"@type":"WebSite","@id":"https:\/\/fisica2.fica.unsl.edu.ar\/#website","url":"https:\/\/fisica2.fica.unsl.edu.ar\/","name":"F\u00edsica 2","description":"FICA - UNSL","publisher":{"@id":"https:\/\/fisica2.fica.unsl.edu.ar\/#organization"},"potentialAction":[{"@type":"SearchAction","target":{"@type":"EntryPoint","urlTemplate":"https:\/\/fisica2.fica.unsl.edu.ar\/?s={search_term_string}"},"query-input":{"@type":"PropertyValueSpecification","valueRequired":true,"valueName":"search_term_string"}}],"inLanguage":"es-AR"},{"@type":"Organization","@id":"https:\/\/fisica2.fica.unsl.edu.ar\/#organization","name":"SAC- Secretar\u00eda General FICA","url":"https:\/\/fisica2.fica.unsl.edu.ar\/","logo":{"@type":"ImageObject","inLanguage":"es-AR","@id":"https:\/\/fisica2.fica.unsl.edu.ar\/#\/schema\/logo\/image\/","url":"https:\/\/fisica2.fica.unsl.edu.ar\/wp-content\/uploads\/2021\/11\/SG-Logo.png","contentUrl":"https:\/\/fisica2.fica.unsl.edu.ar\/wp-content\/uploads\/2021\/11\/SG-Logo.png","width":4483,"height":1231,"caption":"SAC- Secretar\u00eda General FICA"},"image":{"@id":"https:\/\/fisica2.fica.unsl.edu.ar\/#\/schema\/logo\/image\/"}}]}},"_links":{"self":[{"href":"https:\/\/fisica2.fica.unsl.edu.ar\/index.php\/wp-json\/wp\/v2\/pages\/2564","targetHints":{"allow":["GET"]}}],"collection":[{"href":"https:\/\/fisica2.fica.unsl.edu.ar\/index.php\/wp-json\/wp\/v2\/pages"}],"about":[{"href":"https:\/\/fisica2.fica.unsl.edu.ar\/index.php\/wp-json\/wp\/v2\/types\/page"}],"author":[{"embeddable":true,"href":"https:\/\/fisica2.fica.unsl.edu.ar\/index.php\/wp-json\/wp\/v2\/users\/7"}],"replies":[{"embeddable":true,"href":"https:\/\/fisica2.fica.unsl.edu.ar\/index.php\/wp-json\/wp\/v2\/comments?post=2564"}],"version-history":[{"count":7,"href":"https:\/\/fisica2.fica.unsl.edu.ar\/index.php\/wp-json\/wp\/v2\/pages\/2564\/revisions"}],"predecessor-version":[{"id":4738,"href":"https:\/\/fisica2.fica.unsl.edu.ar\/index.php\/wp-json\/wp\/v2\/pages\/2564\/revisions\/4738"}],"wp:attachment":[{"href":"https:\/\/fisica2.fica.unsl.edu.ar\/index.php\/wp-json\/wp\/v2\/media?parent=2564"}],"curies":[{"name":"wp","href":"https:\/\/api.w.org\/{rel}","templated":true}]}}