{"id":2370,"date":"2026-02-13T23:07:44","date_gmt":"2026-02-14T02:07:44","guid":{"rendered":"https:\/\/fisica2.fica.unsl.edu.ar\/?page_id=2370"},"modified":"2026-02-19T13:12:31","modified_gmt":"2026-02-19T16:12:31","slug":"f2_t2_apli","status":"publish","type":"page","link":"https:\/\/fisica2.fica.unsl.edu.ar\/index.php\/f2_t2_apli\/","title":{"rendered":"F2_T2_apli"},"content":{"rendered":"\t\t<div data-elementor-type=\"wp-page\" data-elementor-id=\"2370\" class=\"elementor elementor-2370\">\n\t\t\t\t\t\t<section class=\"elementor-section elementor-top-section elementor-element elementor-element-16290ce elementor-section-height-min-height elementor-section-content-middle elementor-section-boxed elementor-section-height-default elementor-section-items-middle\" data-id=\"16290ce\" data-element_type=\"section\" data-e-type=\"section\">\n\t\t\t\t\t\t<div class=\"elementor-container elementor-column-gap-default\">\n\t\t\t\t\t<div class=\"elementor-column elementor-col-33 elementor-top-column elementor-element elementor-element-95ab741\" data-id=\"95ab741\" data-element_type=\"column\" data-e-type=\"column\">\n\t\t\t<div class=\"elementor-widget-wrap elementor-element-populated\">\n\t\t\t\t\t\t<div class=\"elementor-element elementor-element-8a58345 elementor-widget elementor-widget-image\" data-id=\"8a58345\" data-element_type=\"widget\" data-e-type=\"widget\" data-widget_type=\"image.default\">\n\t\t\t\t<div class=\"elementor-widget-container\">\n\t\t\t\t\t\t\t\t\t\t\t\t\t\t\t<img decoding=\"async\" src=\"https:\/\/fisica2.fica.unsl.edu.ar\/wp-content\/uploads\/2026\/02\/aplicaciones_vida_real.gif\" title=\"aplicaciones_vida_real\" alt=\"aplicaciones_vida_real\" loading=\"lazy\" \/>\t\t\t\t\t\t\t\t\t\t\t\t\t\t\t<\/div>\n\t\t\t\t<\/div>\n\t\t\t\t\t<\/div>\n\t\t<\/div>\n\t\t\t\t<div class=\"elementor-column elementor-col-66 elementor-top-column elementor-element elementor-element-47d728b\" data-id=\"47d728b\" data-element_type=\"column\" data-e-type=\"column\">\n\t\t\t<div class=\"elementor-widget-wrap elementor-element-populated\">\n\t\t\t\t\t\t<div class=\"elementor-element elementor-element-86f9678 elementor-widget elementor-widget-text-editor\" data-id=\"86f9678\" data-element_type=\"widget\" data-e-type=\"widget\" data-widget_type=\"text-editor.default\">\n\t\t\t\t<div class=\"elementor-widget-container\">\n\t\t\t\t\t\t\t\t\t<p><span style=\"font-size: 20px; color: #000080;\"><strong>Aplicaciones y fen\u00f3menos cotidianos<\/strong><\/span><\/p>\t\t\t\t\t\t\t\t<\/div>\n\t\t\t\t<\/div>\n\t\t\t\t\t<\/div>\n\t\t<\/div>\n\t\t\t\t\t<\/div>\n\t\t<\/section>\n\t\t\t\t<section class=\"elementor-section elementor-top-section elementor-element elementor-element-c58fab0 elementor-section-full_width elementor-section-height-default elementor-section-height-default\" data-id=\"c58fab0\" data-element_type=\"section\" data-e-type=\"section\">\n\t\t\t\t\t\t<div class=\"elementor-container elementor-column-gap-default\">\n\t\t\t\t\t<div class=\"elementor-column elementor-col-100 elementor-top-column elementor-element elementor-element-65fd76b\" data-id=\"65fd76b\" data-element_type=\"column\" data-e-type=\"column\">\n\t\t\t<div class=\"elementor-widget-wrap elementor-element-populated\">\n\t\t\t\t\t\t<div class=\"elementor-element elementor-element-0deb2f2 elementor-widget elementor-widget-text-editor\" data-id=\"0deb2f2\" data-element_type=\"widget\" data-e-type=\"widget\" data-widget_type=\"text-editor.default\">\n\t\t\t\t<div class=\"elementor-widget-container\">\n\t\t\t\t\t\t\t\t\t<p class=\"Estilo24\"><span style=\"color: #000000; font-size: 12px;\">En caso de utilizarse un video en Youtube, y que por ejemplo el audio este en el idioma ingl\u00e9s, existe la posibilidad de subtitular el video. Para ello, ir al \u00edcono [CONFIGURACI\u00f3N], seleccionar [SUBT\u00edTULOS] si figura [DESACTIVADOS] se deber\u00e1 [ACTIVARLOS] y luego seleccionar [INGL\u00e9S Generada autom\u00e1ticamente], luego ir nuevamente al \u00edcono [CONFIGURACI\u00f3N] en [SUBT\u00edTULOS] y en la flecha correspondiente a [MEN\u00fa DESPLEGABLE], seleccionar [TRADUCIR SUBTITULOS], luego [TRADUCIR], y finalmente seleccionar [ESPA\u00d1OL] y [ACEPTAR].<\/span><\/p><p class=\"Estilo24\"><br \/><span style=\"color: #000000;\"><strong><span style=\"color: #000080;\">Arco El\u00e9ctrico \u2013 Rayos (Rigidez diel\u00e9ctrica \u2013 Diel\u00e9ctricos &#8211; Campo El\u00e9ctrico &#8211; Carga Electrost\u00e1tica<\/span>)<\/strong><\/span><\/p><p class=\"Estilo24\"><span style=\"color: #000000;\">Transmitimos una inquietud que nos que me pareci\u00f3 muy oportuna poder compartirla con Ustedes ya que est\u00e1 en relaci\u00f3n a los conceptos te\u00f3ricos que estamos viendo actualmente (abril2015).<\/span><br \/><span style=\"color: #000000;\">Se trata de la erupci\u00f3n del volc\u00e1n chileno CALBUCO y que est\u00e1 afecta parte del sur de nuestro pa\u00eds (Villa La Angostura, San Mart\u00edn de los Andes y Bariloche)<\/span><br \/><br \/><span style=\"color: #000000;\"><a style=\"color: #000000;\" href=\"http:\/\/www.infobae.com\/2015\/04\/23\/1724243-por-que-se-producen-rayos-una-erupcion-volcanica\">http:\/\/www.infobae.com\/2015\/04\/23\/1724243-por-que-se-producen-rayos-una-erupcion-volcanica<\/a><\/span><br \/><br \/><span style=\"color: #000000;\">Una de las\u00a0im\u00e1genes m\u00e1s sorprendentes\u00a0de una erupci\u00f3n volc\u00e1nica son los rayos que se pueden observar. La pregunta es: \u00bfPor qu\u00e9 se producen rayos en este tipo de fen\u00f3menos naturales? No hay una afirmaci\u00f3n concluyente al respecto, pero varias teor\u00edas.<\/span><br \/><br \/><span style=\"color: #000000;\">Una de las explicaciones es conocida como &#8220;dirty thunderbolt&#8221; o\u00a0tormenta sucia. Este concepto, que apareci\u00f3 en la revista\u00a0Science, consiste en que las cargas el\u00e9ctricas son generadas cuando fragmento de rocas, cenizas y part\u00edculas de hielo en una columna volc\u00e1nica chocan y producen cargas est\u00e1ticas.<\/span><br \/><span style=\"color: #000000;\">Aunque las cenizas y la roca que salen del volc\u00e1n son inicialmente neutras, la diferencia de temperaturas, la fricci\u00f3n y los choques entre las part\u00edculas de ceniza y de los gases del volc\u00e1n, hacen que se vayan cargando el\u00e9ctricamente, con cargas de signo contrario.<\/span><br \/><span style=\"color: #000000;\">Luego el movimiento de las part\u00edculas, debido a su diferente densidad, hace que se vayan separando progresivamente, las cargas positivas de las negativas y cuando la diferencia de potencial es suficientemente elevada\u00a0se produce la descarga el\u00e9ctrica, es decir, el rayo, dentro de la nube de cenizas.<\/span><br \/><span style=\"color: #000000;\">Y recordemos lo visto en la \u00faltima clase te\u00f3rica, en donde se explic\u00f3 que el rayo corresponde a una descarga el\u00e9ctrica en la atm\u00f3sfera, que se produce entre una nube y la superficie, o entre dos nubes. El aire, desde el punto de vista el\u00e9ctrico es un buen aislante. Sin embargo, cuando la diferencia de potencial el\u00e9ctrico entre dos puntos supera un cierto valor l\u00edmite (miles de volts) se produce la ruptura diel\u00e9ctrica de \u00e9ste, haciendo que el aire sea conductor el\u00e9ctrico y se produzca una masiva descarga el\u00e9ctrica en la forma de un rayo.<\/span><\/p><p class=\"Estilo24\"><span style=\"color: #000000;\"><a style=\"color: #000000;\" href=\"https:\/\/www.youtube.com\/watch?v=8eWhNuFqWFk\" target=\"_blank\" rel=\"noopener\">[<span style=\"color: #ff0000;\">1<\/span>]<\/a>\u00a0\u00a0\u00a0\u00a0\u00a0\u00a0\u00a0\u00a0<a style=\"color: #000000;\" href=\"https:\/\/www.youtube.com\/watch?v=1F6FmGIABdM\" target=\"_blank\" rel=\"noopener\">[<span style=\"color: #ff0000;\">2]<\/span><\/a>\u00a0\u00a0\u00a0\u00a0\u00a0\u00a0\u00a0<a style=\"color: #000000;\" href=\"http:\/\/micro.magnet.fsu.edu\/electromag\/java\/lightning\/index.html\" target=\"_blank\" rel=\"noopener\">[<span style=\"color: #ff0000;\">3<\/span>]<\/a>\u00a0\u00a0\u00a0\u00a0\u00a0\u00a0\u00a0<a style=\"color: #000000;\" href=\"https:\/\/www.youtube.com\/watch?v=EMR9B_YXPOU\" target=\"_blank\" rel=\"noopener\">[<span style=\"color: #ff0000;\">4<\/span>]<\/a>\u00a0\u00a0\u00a0\u00a0\u00a0\u00a0\u00a0<a style=\"color: #000000;\" href=\"https:\/\/www.youtube.com\/watch?v=6JLLj2CwN2s\" target=\"_blank\" rel=\"noopener\">[<span style=\"color: #ff0000;\">5<\/span>]<\/a><\/span><\/p>\t\t\t\t\t\t\t\t<\/div>\n\t\t\t\t<\/div>\n\t\t\t\t\t<\/div>\n\t\t<\/div>\n\t\t\t\t\t<\/div>\n\t\t<\/section>\n\t\t\t\t<\/div>\n\t\t","protected":false},"excerpt":{"rendered":"<p>Aplicaciones y fen\u00f3menos cotidianos En caso de utilizarse un video en Youtube, y que por ejemplo el audio este en el idioma ingl\u00e9s, existe la&hellip;<\/p>\n","protected":false},"author":7,"featured_media":0,"parent":0,"menu_order":0,"comment_status":"closed","ping_status":"closed","template":"elementor_header_footer","meta":{"_monsterinsights_skip_tracking":false,"_monsterinsights_sitenote_active":false,"_monsterinsights_sitenote_note":"","_monsterinsights_sitenote_category":0,"footnotes":""},"class_list":["post-2370","page","type-page","status-publish","hentry"],"yoast_head":"<!-- This site is optimized with the Yoast SEO plugin v27.3 - https:\/\/yoast.com\/product\/yoast-seo-wordpress\/ -->\n<title>F2_T2_apli - F\u00edsica 2<\/title>\n<meta name=\"robots\" content=\"index, follow, max-snippet:-1, max-image-preview:large, max-video-preview:-1\" \/>\n<link rel=\"canonical\" href=\"https:\/\/fisica2.fica.unsl.edu.ar\/index.php\/f2_t2_apli\/\" \/>\n<meta property=\"og:locale\" content=\"es_ES\" \/>\n<meta property=\"og:type\" content=\"article\" \/>\n<meta property=\"og:title\" content=\"F2_T2_apli - F\u00edsica 2\" \/>\n<meta property=\"og:description\" content=\"Aplicaciones y fen\u00f3menos cotidianos En caso de utilizarse un video en Youtube, y que por ejemplo el audio este en el idioma ingl\u00e9s, existe la&hellip;\" \/>\n<meta property=\"og:url\" content=\"https:\/\/fisica2.fica.unsl.edu.ar\/index.php\/f2_t2_apli\/\" \/>\n<meta property=\"og:site_name\" content=\"F\u00edsica 2\" \/>\n<meta property=\"article:modified_time\" content=\"2026-02-19T16:12:31+00:00\" \/>\n<meta property=\"og:image\" content=\"https:\/\/fisica2.fica.unsl.edu.ar\/wp-content\/uploads\/2026\/02\/aplicaciones_vida_real.gif\" \/>\n<meta name=\"twitter:card\" content=\"summary_large_image\" \/>\n<meta name=\"twitter:label1\" content=\"Tiempo de lectura\" \/>\n\t<meta name=\"twitter:data1\" content=\"3 minutos\" \/>\n<script type=\"application\/ld+json\" class=\"yoast-schema-graph\">{\"@context\":\"https:\\\/\\\/schema.org\",\"@graph\":[{\"@type\":\"WebPage\",\"@id\":\"https:\\\/\\\/fisica2.fica.unsl.edu.ar\\\/index.php\\\/f2_t2_apli\\\/\",\"url\":\"https:\\\/\\\/fisica2.fica.unsl.edu.ar\\\/index.php\\\/f2_t2_apli\\\/\",\"name\":\"F2_T2_apli - F\u00edsica 2\",\"isPartOf\":{\"@id\":\"https:\\\/\\\/fisica2.fica.unsl.edu.ar\\\/#website\"},\"primaryImageOfPage\":{\"@id\":\"https:\\\/\\\/fisica2.fica.unsl.edu.ar\\\/index.php\\\/f2_t2_apli\\\/#primaryimage\"},\"image\":{\"@id\":\"https:\\\/\\\/fisica2.fica.unsl.edu.ar\\\/index.php\\\/f2_t2_apli\\\/#primaryimage\"},\"thumbnailUrl\":\"https:\\\/\\\/fisica2.fica.unsl.edu.ar\\\/wp-content\\\/uploads\\\/2026\\\/02\\\/aplicaciones_vida_real.gif\",\"datePublished\":\"2026-02-14T02:07:44+00:00\",\"dateModified\":\"2026-02-19T16:12:31+00:00\",\"breadcrumb\":{\"@id\":\"https:\\\/\\\/fisica2.fica.unsl.edu.ar\\\/index.php\\\/f2_t2_apli\\\/#breadcrumb\"},\"inLanguage\":\"es-AR\",\"potentialAction\":[{\"@type\":\"ReadAction\",\"target\":[\"https:\\\/\\\/fisica2.fica.unsl.edu.ar\\\/index.php\\\/f2_t2_apli\\\/\"]}]},{\"@type\":\"ImageObject\",\"inLanguage\":\"es-AR\",\"@id\":\"https:\\\/\\\/fisica2.fica.unsl.edu.ar\\\/index.php\\\/f2_t2_apli\\\/#primaryimage\",\"url\":\"https:\\\/\\\/fisica2.fica.unsl.edu.ar\\\/wp-content\\\/uploads\\\/2026\\\/02\\\/aplicaciones_vida_real.gif\",\"contentUrl\":\"https:\\\/\\\/fisica2.fica.unsl.edu.ar\\\/wp-content\\\/uploads\\\/2026\\\/02\\\/aplicaciones_vida_real.gif\",\"width\":640,\"height\":640},{\"@type\":\"BreadcrumbList\",\"@id\":\"https:\\\/\\\/fisica2.fica.unsl.edu.ar\\\/index.php\\\/f2_t2_apli\\\/#breadcrumb\",\"itemListElement\":[{\"@type\":\"ListItem\",\"position\":1,\"name\":\"Inicio\",\"item\":\"https:\\\/\\\/fisica2.fica.unsl.edu.ar\\\/\"},{\"@type\":\"ListItem\",\"position\":2,\"name\":\"F2_T2_apli\"}]},{\"@type\":\"WebSite\",\"@id\":\"https:\\\/\\\/fisica2.fica.unsl.edu.ar\\\/#website\",\"url\":\"https:\\\/\\\/fisica2.fica.unsl.edu.ar\\\/\",\"name\":\"F\u00edsica 2\",\"description\":\"FICA - UNSL\",\"publisher\":{\"@id\":\"https:\\\/\\\/fisica2.fica.unsl.edu.ar\\\/#organization\"},\"potentialAction\":[{\"@type\":\"SearchAction\",\"target\":{\"@type\":\"EntryPoint\",\"urlTemplate\":\"https:\\\/\\\/fisica2.fica.unsl.edu.ar\\\/?s={search_term_string}\"},\"query-input\":{\"@type\":\"PropertyValueSpecification\",\"valueRequired\":true,\"valueName\":\"search_term_string\"}}],\"inLanguage\":\"es-AR\"},{\"@type\":\"Organization\",\"@id\":\"https:\\\/\\\/fisica2.fica.unsl.edu.ar\\\/#organization\",\"name\":\"SAC- Secretar\u00eda General FICA\",\"url\":\"https:\\\/\\\/fisica2.fica.unsl.edu.ar\\\/\",\"logo\":{\"@type\":\"ImageObject\",\"inLanguage\":\"es-AR\",\"@id\":\"https:\\\/\\\/fisica2.fica.unsl.edu.ar\\\/#\\\/schema\\\/logo\\\/image\\\/\",\"url\":\"https:\\\/\\\/fisica2.fica.unsl.edu.ar\\\/wp-content\\\/uploads\\\/2021\\\/11\\\/SG-Logo.png\",\"contentUrl\":\"https:\\\/\\\/fisica2.fica.unsl.edu.ar\\\/wp-content\\\/uploads\\\/2021\\\/11\\\/SG-Logo.png\",\"width\":4483,\"height\":1231,\"caption\":\"SAC- Secretar\u00eda General FICA\"},\"image\":{\"@id\":\"https:\\\/\\\/fisica2.fica.unsl.edu.ar\\\/#\\\/schema\\\/logo\\\/image\\\/\"}}]}<\/script>\n<!-- \/ Yoast SEO plugin. -->","yoast_head_json":{"title":"F2_T2_apli - F\u00edsica 2","robots":{"index":"index","follow":"follow","max-snippet":"max-snippet:-1","max-image-preview":"max-image-preview:large","max-video-preview":"max-video-preview:-1"},"canonical":"https:\/\/fisica2.fica.unsl.edu.ar\/index.php\/f2_t2_apli\/","og_locale":"es_ES","og_type":"article","og_title":"F2_T2_apli - F\u00edsica 2","og_description":"Aplicaciones y fen\u00f3menos cotidianos En caso de utilizarse un video en Youtube, y que por ejemplo el audio este en el idioma ingl\u00e9s, existe la&hellip;","og_url":"https:\/\/fisica2.fica.unsl.edu.ar\/index.php\/f2_t2_apli\/","og_site_name":"F\u00edsica 2","article_modified_time":"2026-02-19T16:12:31+00:00","og_image":[{"url":"https:\/\/fisica2.fica.unsl.edu.ar\/wp-content\/uploads\/2026\/02\/aplicaciones_vida_real.gif","type":"","width":"","height":""}],"twitter_card":"summary_large_image","twitter_misc":{"Tiempo de lectura":"3 minutos"},"schema":{"@context":"https:\/\/schema.org","@graph":[{"@type":"WebPage","@id":"https:\/\/fisica2.fica.unsl.edu.ar\/index.php\/f2_t2_apli\/","url":"https:\/\/fisica2.fica.unsl.edu.ar\/index.php\/f2_t2_apli\/","name":"F2_T2_apli - F\u00edsica 2","isPartOf":{"@id":"https:\/\/fisica2.fica.unsl.edu.ar\/#website"},"primaryImageOfPage":{"@id":"https:\/\/fisica2.fica.unsl.edu.ar\/index.php\/f2_t2_apli\/#primaryimage"},"image":{"@id":"https:\/\/fisica2.fica.unsl.edu.ar\/index.php\/f2_t2_apli\/#primaryimage"},"thumbnailUrl":"https:\/\/fisica2.fica.unsl.edu.ar\/wp-content\/uploads\/2026\/02\/aplicaciones_vida_real.gif","datePublished":"2026-02-14T02:07:44+00:00","dateModified":"2026-02-19T16:12:31+00:00","breadcrumb":{"@id":"https:\/\/fisica2.fica.unsl.edu.ar\/index.php\/f2_t2_apli\/#breadcrumb"},"inLanguage":"es-AR","potentialAction":[{"@type":"ReadAction","target":["https:\/\/fisica2.fica.unsl.edu.ar\/index.php\/f2_t2_apli\/"]}]},{"@type":"ImageObject","inLanguage":"es-AR","@id":"https:\/\/fisica2.fica.unsl.edu.ar\/index.php\/f2_t2_apli\/#primaryimage","url":"https:\/\/fisica2.fica.unsl.edu.ar\/wp-content\/uploads\/2026\/02\/aplicaciones_vida_real.gif","contentUrl":"https:\/\/fisica2.fica.unsl.edu.ar\/wp-content\/uploads\/2026\/02\/aplicaciones_vida_real.gif","width":640,"height":640},{"@type":"BreadcrumbList","@id":"https:\/\/fisica2.fica.unsl.edu.ar\/index.php\/f2_t2_apli\/#breadcrumb","itemListElement":[{"@type":"ListItem","position":1,"name":"Inicio","item":"https:\/\/fisica2.fica.unsl.edu.ar\/"},{"@type":"ListItem","position":2,"name":"F2_T2_apli"}]},{"@type":"WebSite","@id":"https:\/\/fisica2.fica.unsl.edu.ar\/#website","url":"https:\/\/fisica2.fica.unsl.edu.ar\/","name":"F\u00edsica 2","description":"FICA - UNSL","publisher":{"@id":"https:\/\/fisica2.fica.unsl.edu.ar\/#organization"},"potentialAction":[{"@type":"SearchAction","target":{"@type":"EntryPoint","urlTemplate":"https:\/\/fisica2.fica.unsl.edu.ar\/?s={search_term_string}"},"query-input":{"@type":"PropertyValueSpecification","valueRequired":true,"valueName":"search_term_string"}}],"inLanguage":"es-AR"},{"@type":"Organization","@id":"https:\/\/fisica2.fica.unsl.edu.ar\/#organization","name":"SAC- Secretar\u00eda General FICA","url":"https:\/\/fisica2.fica.unsl.edu.ar\/","logo":{"@type":"ImageObject","inLanguage":"es-AR","@id":"https:\/\/fisica2.fica.unsl.edu.ar\/#\/schema\/logo\/image\/","url":"https:\/\/fisica2.fica.unsl.edu.ar\/wp-content\/uploads\/2021\/11\/SG-Logo.png","contentUrl":"https:\/\/fisica2.fica.unsl.edu.ar\/wp-content\/uploads\/2021\/11\/SG-Logo.png","width":4483,"height":1231,"caption":"SAC- Secretar\u00eda General FICA"},"image":{"@id":"https:\/\/fisica2.fica.unsl.edu.ar\/#\/schema\/logo\/image\/"}}]}},"_links":{"self":[{"href":"https:\/\/fisica2.fica.unsl.edu.ar\/index.php\/wp-json\/wp\/v2\/pages\/2370","targetHints":{"allow":["GET"]}}],"collection":[{"href":"https:\/\/fisica2.fica.unsl.edu.ar\/index.php\/wp-json\/wp\/v2\/pages"}],"about":[{"href":"https:\/\/fisica2.fica.unsl.edu.ar\/index.php\/wp-json\/wp\/v2\/types\/page"}],"author":[{"embeddable":true,"href":"https:\/\/fisica2.fica.unsl.edu.ar\/index.php\/wp-json\/wp\/v2\/users\/7"}],"replies":[{"embeddable":true,"href":"https:\/\/fisica2.fica.unsl.edu.ar\/index.php\/wp-json\/wp\/v2\/comments?post=2370"}],"version-history":[{"count":13,"href":"https:\/\/fisica2.fica.unsl.edu.ar\/index.php\/wp-json\/wp\/v2\/pages\/2370\/revisions"}],"predecessor-version":[{"id":4681,"href":"https:\/\/fisica2.fica.unsl.edu.ar\/index.php\/wp-json\/wp\/v2\/pages\/2370\/revisions\/4681"}],"wp:attachment":[{"href":"https:\/\/fisica2.fica.unsl.edu.ar\/index.php\/wp-json\/wp\/v2\/media?parent=2370"}],"curies":[{"name":"wp","href":"https:\/\/api.w.org\/{rel}","templated":true}]}}