{"id":2137,"date":"2026-02-13T09:07:11","date_gmt":"2026-02-13T12:07:11","guid":{"rendered":"https:\/\/fisica2.fica.unsl.edu.ar\/?page_id=2137"},"modified":"2026-02-24T12:30:55","modified_gmt":"2026-02-24T15:30:55","slug":"f2_clases_grabadas","status":"publish","type":"page","link":"https:\/\/fisica2.fica.unsl.edu.ar\/index.php\/f2_clases_grabadas\/","title":{"rendered":"F2_clases_grabadas"},"content":{"rendered":"\t\t<div data-elementor-type=\"wp-page\" data-elementor-id=\"2137\" class=\"elementor elementor-2137\">\n\t\t\t\t\t\t<section class=\"elementor-section elementor-top-section elementor-element elementor-element-16290ce elementor-section-height-min-height elementor-section-content-middle elementor-section-boxed elementor-section-height-default elementor-section-items-middle\" data-id=\"16290ce\" data-element_type=\"section\" data-e-type=\"section\">\n\t\t\t\t\t\t<div class=\"elementor-container elementor-column-gap-default\">\n\t\t\t\t\t<div class=\"elementor-column elementor-col-33 elementor-top-column elementor-element elementor-element-95ab741\" data-id=\"95ab741\" data-element_type=\"column\" data-e-type=\"column\">\n\t\t\t<div class=\"elementor-widget-wrap elementor-element-populated\">\n\t\t\t\t\t\t<div class=\"elementor-element elementor-element-8a58345 elementor-widget elementor-widget-image\" data-id=\"8a58345\" data-element_type=\"widget\" data-e-type=\"widget\" data-widget_type=\"image.default\">\n\t\t\t\t<div class=\"elementor-widget-container\">\n\t\t\t\t\t\t\t\t\t\t\t\t\t\t\t<img decoding=\"async\" src=\"https:\/\/fisica2.fica.unsl.edu.ar\/wp-content\/uploads\/elementor\/thumbs\/clases_grabadas-rj3dk2vz5hpexgyi0zkajvq03sp98au8544bzecos4.png\" title=\"clases_grabadas\" alt=\"clases_grabadas\" loading=\"lazy\" \/>\t\t\t\t\t\t\t\t\t\t\t\t\t\t\t<\/div>\n\t\t\t\t<\/div>\n\t\t\t\t\t<\/div>\n\t\t<\/div>\n\t\t\t\t<div class=\"elementor-column elementor-col-66 elementor-top-column elementor-element elementor-element-47d728b\" data-id=\"47d728b\" data-element_type=\"column\" data-e-type=\"column\">\n\t\t\t<div class=\"elementor-widget-wrap elementor-element-populated\">\n\t\t\t\t\t\t<div class=\"elementor-element elementor-element-86f9678 elementor-widget elementor-widget-text-editor\" data-id=\"86f9678\" data-element_type=\"widget\" data-e-type=\"widget\" data-widget_type=\"text-editor.default\">\n\t\t\t\t<div class=\"elementor-widget-container\">\n\t\t\t\t\t\t\t\t\t<p><span style=\"font-size: 20px; color: #000080;\"><strong>Clases grabadas<\/strong><\/span><\/p>\t\t\t\t\t\t\t\t<\/div>\n\t\t\t\t<\/div>\n\t\t\t\t\t<\/div>\n\t\t<\/div>\n\t\t\t\t\t<\/div>\n\t\t<\/section>\n\t\t\t\t<section class=\"elementor-section elementor-top-section elementor-element elementor-element-9365d87 elementor-section-boxed elementor-section-height-default elementor-section-height-default\" data-id=\"9365d87\" data-element_type=\"section\" data-e-type=\"section\">\n\t\t\t\t\t\t<div class=\"elementor-container elementor-column-gap-default\">\n\t\t\t\t\t<div class=\"elementor-column elementor-col-100 elementor-top-column elementor-element elementor-element-5e8c95b\" data-id=\"5e8c95b\" data-element_type=\"column\" data-e-type=\"column\" data-settings=\"{&quot;background_background&quot;:&quot;gradient&quot;}\">\n\t\t\t<div class=\"elementor-widget-wrap elementor-element-populated\">\n\t\t\t\t\t\t\t<\/div>\n\t\t<\/div>\n\t\t\t\t\t<\/div>\n\t\t<\/section>\n\t\t\t\t<section class=\"elementor-section elementor-top-section elementor-element elementor-element-1b589ff elementor-section-boxed elementor-section-height-default elementor-section-height-default\" data-id=\"1b589ff\" data-element_type=\"section\" data-e-type=\"section\">\n\t\t\t\t\t\t<div class=\"elementor-container elementor-column-gap-default\">\n\t\t\t\t\t<div class=\"elementor-column elementor-col-33 elementor-top-column elementor-element elementor-element-b7d5a0b\" data-id=\"b7d5a0b\" data-element_type=\"column\" data-e-type=\"column\" data-settings=\"{&quot;background_background&quot;:&quot;gradient&quot;}\">\n\t\t\t<div class=\"elementor-widget-wrap elementor-element-populated\">\n\t\t\t\t\t\t<div class=\"elementor-element elementor-element-1cf388f elementor-widget elementor-widget-text-editor\" data-id=\"1cf388f\" data-element_type=\"widget\" data-e-type=\"widget\" data-widget_type=\"text-editor.default\">\n\t\t\t\t<div class=\"elementor-widget-container\">\n\t\t\t\t\t\t\t\t\t<p style=\"text-align: center;\"><strong><span style=\"color: #000000;\">A\u00f1o 2020<\/span><\/strong><\/p>\t\t\t\t\t\t\t\t<\/div>\n\t\t\t\t<\/div>\n\t\t\t\t\t<\/div>\n\t\t<\/div>\n\t\t\t\t<div class=\"elementor-column elementor-col-66 elementor-top-column elementor-element elementor-element-ba12b2a\" data-id=\"ba12b2a\" data-element_type=\"column\" data-e-type=\"column\" data-settings=\"{&quot;background_background&quot;:&quot;gradient&quot;}\">\n\t\t\t<div class=\"elementor-widget-wrap elementor-element-populated\">\n\t\t\t\t\t\t<div class=\"elementor-element elementor-element-c57abe9 elementor-widget elementor-widget-text-editor\" data-id=\"c57abe9\" data-element_type=\"widget\" data-e-type=\"widget\" data-widget_type=\"text-editor.default\">\n\t\t\t\t<div class=\"elementor-widget-container\">\n\t\t\t\t\t\t\t\t\t<p><a href=\"https:\/\/fisica2.fica.unsl.edu.ar\/index.php\/F2_clases_grabadas_2020\" target=\"_blank\" rel=\"noopener\"><span style=\"color: #ff0000;\">Clases grabadas<\/span><\/a><\/p>\t\t\t\t\t\t\t\t<\/div>\n\t\t\t\t<\/div>\n\t\t\t\t\t<\/div>\n\t\t<\/div>\n\t\t\t\t\t<\/div>\n\t\t<\/section>\n\t\t\t\t<section class=\"elementor-section elementor-top-section elementor-element elementor-element-6f69943 elementor-section-boxed elementor-section-height-default elementor-section-height-default\" data-id=\"6f69943\" data-element_type=\"section\" data-e-type=\"section\">\n\t\t\t\t\t\t<div class=\"elementor-container elementor-column-gap-default\">\n\t\t\t\t\t<div class=\"elementor-column elementor-col-33 elementor-top-column elementor-element elementor-element-db4f59b\" data-id=\"db4f59b\" data-element_type=\"column\" data-e-type=\"column\" data-settings=\"{&quot;background_background&quot;:&quot;gradient&quot;}\">\n\t\t\t<div class=\"elementor-widget-wrap elementor-element-populated\">\n\t\t\t\t\t\t<div class=\"elementor-element elementor-element-472dbe7 elementor-widget elementor-widget-text-editor\" data-id=\"472dbe7\" data-element_type=\"widget\" data-e-type=\"widget\" data-widget_type=\"text-editor.default\">\n\t\t\t\t<div class=\"elementor-widget-container\">\n\t\t\t\t\t\t\t\t\t<p style=\"text-align: center;\"><strong><span style=\"color: #000000;\">A\u00f1o 2021<\/span><\/strong><\/p>\t\t\t\t\t\t\t\t<\/div>\n\t\t\t\t<\/div>\n\t\t\t\t\t<\/div>\n\t\t<\/div>\n\t\t\t\t<div class=\"elementor-column elementor-col-66 elementor-top-column elementor-element elementor-element-a8b0f16\" data-id=\"a8b0f16\" data-element_type=\"column\" data-e-type=\"column\" data-settings=\"{&quot;background_background&quot;:&quot;gradient&quot;}\">\n\t\t\t<div class=\"elementor-widget-wrap elementor-element-populated\">\n\t\t\t\t\t\t<div class=\"elementor-element elementor-element-75afc6f elementor-widget elementor-widget-text-editor\" data-id=\"75afc6f\" data-element_type=\"widget\" data-e-type=\"widget\" data-widget_type=\"text-editor.default\">\n\t\t\t\t<div class=\"elementor-widget-container\">\n\t\t\t\t\t\t\t\t\t<p><a href=\"https:\/\/fisica2.fica.unsl.edu.ar\/index.php\/F2_clases_grabadas_2021\" target=\"_blank\" rel=\"noopener\"><span style=\"color: #ff0000;\">Clases grabadas<\/span><\/a><\/p>\t\t\t\t\t\t\t\t<\/div>\n\t\t\t\t<\/div>\n\t\t\t\t\t<\/div>\n\t\t<\/div>\n\t\t\t\t\t<\/div>\n\t\t<\/section>\n\t\t\t\t<section class=\"elementor-section elementor-top-section elementor-element elementor-element-0c559eb elementor-section-boxed elementor-section-height-default elementor-section-height-default\" data-id=\"0c559eb\" data-element_type=\"section\" data-e-type=\"section\">\n\t\t\t\t\t\t<div class=\"elementor-container elementor-column-gap-default\">\n\t\t\t\t\t<div class=\"elementor-column elementor-col-100 elementor-top-column elementor-element elementor-element-df6dc6a\" data-id=\"df6dc6a\" data-element_type=\"column\" data-e-type=\"column\" data-settings=\"{&quot;background_background&quot;:&quot;gradient&quot;}\">\n\t\t\t<div class=\"elementor-widget-wrap elementor-element-populated\">\n\t\t\t\t\t\t\t<\/div>\n\t\t<\/div>\n\t\t\t\t\t<\/div>\n\t\t<\/section>\n\t\t\t\t<section class=\"elementor-section elementor-top-section elementor-element elementor-element-e151164 elementor-section-boxed elementor-section-height-default elementor-section-height-default\" data-id=\"e151164\" data-element_type=\"section\" data-e-type=\"section\">\n\t\t\t\t\t\t<div class=\"elementor-container elementor-column-gap-default\">\n\t\t\t\t\t<div class=\"elementor-column elementor-col-100 elementor-top-column elementor-element elementor-element-5c787d0\" data-id=\"5c787d0\" data-element_type=\"column\" data-e-type=\"column\" data-settings=\"{&quot;background_background&quot;:&quot;gradient&quot;}\">\n\t\t\t<div class=\"elementor-widget-wrap elementor-element-populated\">\n\t\t\t\t\t\t\t<\/div>\n\t\t<\/div>\n\t\t\t\t\t<\/div>\n\t\t<\/section>\n\t\t\t\t<\/div>\n\t\t","protected":false},"excerpt":{"rendered":"<p>Clases grabadas A\u00f1o 2020 Clases grabadas A\u00f1o 2021 Clases grabadas<\/p>\n","protected":false},"author":7,"featured_media":0,"parent":0,"menu_order":0,"comment_status":"closed","ping_status":"closed","template":"elementor_header_footer","meta":{"_monsterinsights_skip_tracking":false,"_monsterinsights_sitenote_active":false,"_monsterinsights_sitenote_note":"","_monsterinsights_sitenote_category":0,"footnotes":""},"class_list":["post-2137","page","type-page","status-publish","hentry"],"yoast_head":"<!-- This site is optimized with the Yoast SEO plugin v27.3 - https:\/\/yoast.com\/product\/yoast-seo-wordpress\/ -->\n<title>F2_clases_grabadas - F\u00edsica 2<\/title>\n<meta name=\"robots\" content=\"index, follow, max-snippet:-1, max-image-preview:large, max-video-preview:-1\" \/>\n<link rel=\"canonical\" href=\"https:\/\/fisica2.fica.unsl.edu.ar\/index.php\/f2_clases_grabadas\/\" \/>\n<meta property=\"og:locale\" content=\"es_ES\" \/>\n<meta property=\"og:type\" content=\"article\" \/>\n<meta property=\"og:title\" content=\"F2_clases_grabadas - F\u00edsica 2\" \/>\n<meta property=\"og:description\" content=\"Clases grabadas A\u00f1o 2020 Clases grabadas A\u00f1o 2021 Clases grabadas\" \/>\n<meta property=\"og:url\" content=\"https:\/\/fisica2.fica.unsl.edu.ar\/index.php\/f2_clases_grabadas\/\" \/>\n<meta property=\"og:site_name\" content=\"F\u00edsica 2\" \/>\n<meta property=\"article:modified_time\" content=\"2026-02-24T15:30:55+00:00\" \/>\n<meta property=\"og:image\" content=\"https:\/\/fisica2.fica.unsl.edu.ar\/wp-content\/uploads\/elementor\/thumbs\/clases_grabadas-rj3dk2vz5hpexgyi0zkajvq03sp98au8544bzecos4.png\" \/>\n<meta name=\"twitter:card\" content=\"summary_large_image\" \/>\n<meta name=\"twitter:label1\" content=\"Tiempo de lectura\" \/>\n\t<meta name=\"twitter:data1\" content=\"1 minuto\" \/>\n<script type=\"application\/ld+json\" class=\"yoast-schema-graph\">{\"@context\":\"https:\\\/\\\/schema.org\",\"@graph\":[{\"@type\":\"WebPage\",\"@id\":\"https:\\\/\\\/fisica2.fica.unsl.edu.ar\\\/index.php\\\/f2_clases_grabadas\\\/\",\"url\":\"https:\\\/\\\/fisica2.fica.unsl.edu.ar\\\/index.php\\\/f2_clases_grabadas\\\/\",\"name\":\"F2_clases_grabadas - F\u00edsica 2\",\"isPartOf\":{\"@id\":\"https:\\\/\\\/fisica2.fica.unsl.edu.ar\\\/#website\"},\"primaryImageOfPage\":{\"@id\":\"https:\\\/\\\/fisica2.fica.unsl.edu.ar\\\/index.php\\\/f2_clases_grabadas\\\/#primaryimage\"},\"image\":{\"@id\":\"https:\\\/\\\/fisica2.fica.unsl.edu.ar\\\/index.php\\\/f2_clases_grabadas\\\/#primaryimage\"},\"thumbnailUrl\":\"https:\\\/\\\/fisica2.fica.unsl.edu.ar\\\/wp-content\\\/uploads\\\/elementor\\\/thumbs\\\/clases_grabadas-rj3dk2vz5hpexgyi0zkajvq03sp98au8544bzecos4.png\",\"datePublished\":\"2026-02-13T12:07:11+00:00\",\"dateModified\":\"2026-02-24T15:30:55+00:00\",\"breadcrumb\":{\"@id\":\"https:\\\/\\\/fisica2.fica.unsl.edu.ar\\\/index.php\\\/f2_clases_grabadas\\\/#breadcrumb\"},\"inLanguage\":\"es-AR\",\"potentialAction\":[{\"@type\":\"ReadAction\",\"target\":[\"https:\\\/\\\/fisica2.fica.unsl.edu.ar\\\/index.php\\\/f2_clases_grabadas\\\/\"]}]},{\"@type\":\"ImageObject\",\"inLanguage\":\"es-AR\",\"@id\":\"https:\\\/\\\/fisica2.fica.unsl.edu.ar\\\/index.php\\\/f2_clases_grabadas\\\/#primaryimage\",\"url\":\"https:\\\/\\\/fisica2.fica.unsl.edu.ar\\\/wp-content\\\/uploads\\\/elementor\\\/thumbs\\\/clases_grabadas-rj3dk2vz5hpexgyi0zkajvq03sp98au8544bzecos4.png\",\"contentUrl\":\"https:\\\/\\\/fisica2.fica.unsl.edu.ar\\\/wp-content\\\/uploads\\\/elementor\\\/thumbs\\\/clases_grabadas-rj3dk2vz5hpexgyi0zkajvq03sp98au8544bzecos4.png\"},{\"@type\":\"BreadcrumbList\",\"@id\":\"https:\\\/\\\/fisica2.fica.unsl.edu.ar\\\/index.php\\\/f2_clases_grabadas\\\/#breadcrumb\",\"itemListElement\":[{\"@type\":\"ListItem\",\"position\":1,\"name\":\"Inicio\",\"item\":\"https:\\\/\\\/fisica2.fica.unsl.edu.ar\\\/\"},{\"@type\":\"ListItem\",\"position\":2,\"name\":\"F2_clases_grabadas\"}]},{\"@type\":\"WebSite\",\"@id\":\"https:\\\/\\\/fisica2.fica.unsl.edu.ar\\\/#website\",\"url\":\"https:\\\/\\\/fisica2.fica.unsl.edu.ar\\\/\",\"name\":\"F\u00edsica 2\",\"description\":\"FICA - UNSL\",\"publisher\":{\"@id\":\"https:\\\/\\\/fisica2.fica.unsl.edu.ar\\\/#organization\"},\"potentialAction\":[{\"@type\":\"SearchAction\",\"target\":{\"@type\":\"EntryPoint\",\"urlTemplate\":\"https:\\\/\\\/fisica2.fica.unsl.edu.ar\\\/?s={search_term_string}\"},\"query-input\":{\"@type\":\"PropertyValueSpecification\",\"valueRequired\":true,\"valueName\":\"search_term_string\"}}],\"inLanguage\":\"es-AR\"},{\"@type\":\"Organization\",\"@id\":\"https:\\\/\\\/fisica2.fica.unsl.edu.ar\\\/#organization\",\"name\":\"SAC- Secretar\u00eda General FICA\",\"url\":\"https:\\\/\\\/fisica2.fica.unsl.edu.ar\\\/\",\"logo\":{\"@type\":\"ImageObject\",\"inLanguage\":\"es-AR\",\"@id\":\"https:\\\/\\\/fisica2.fica.unsl.edu.ar\\\/#\\\/schema\\\/logo\\\/image\\\/\",\"url\":\"https:\\\/\\\/fisica2.fica.unsl.edu.ar\\\/wp-content\\\/uploads\\\/2021\\\/11\\\/SG-Logo.png\",\"contentUrl\":\"https:\\\/\\\/fisica2.fica.unsl.edu.ar\\\/wp-content\\\/uploads\\\/2021\\\/11\\\/SG-Logo.png\",\"width\":4483,\"height\":1231,\"caption\":\"SAC- Secretar\u00eda General FICA\"},\"image\":{\"@id\":\"https:\\\/\\\/fisica2.fica.unsl.edu.ar\\\/#\\\/schema\\\/logo\\\/image\\\/\"}}]}<\/script>\n<!-- \/ Yoast SEO plugin. -->","yoast_head_json":{"title":"F2_clases_grabadas - F\u00edsica 2","robots":{"index":"index","follow":"follow","max-snippet":"max-snippet:-1","max-image-preview":"max-image-preview:large","max-video-preview":"max-video-preview:-1"},"canonical":"https:\/\/fisica2.fica.unsl.edu.ar\/index.php\/f2_clases_grabadas\/","og_locale":"es_ES","og_type":"article","og_title":"F2_clases_grabadas - F\u00edsica 2","og_description":"Clases grabadas A\u00f1o 2020 Clases grabadas A\u00f1o 2021 Clases grabadas","og_url":"https:\/\/fisica2.fica.unsl.edu.ar\/index.php\/f2_clases_grabadas\/","og_site_name":"F\u00edsica 2","article_modified_time":"2026-02-24T15:30:55+00:00","og_image":[{"url":"https:\/\/fisica2.fica.unsl.edu.ar\/wp-content\/uploads\/elementor\/thumbs\/clases_grabadas-rj3dk2vz5hpexgyi0zkajvq03sp98au8544bzecos4.png","type":"","width":"","height":""}],"twitter_card":"summary_large_image","twitter_misc":{"Tiempo de lectura":"1 minuto"},"schema":{"@context":"https:\/\/schema.org","@graph":[{"@type":"WebPage","@id":"https:\/\/fisica2.fica.unsl.edu.ar\/index.php\/f2_clases_grabadas\/","url":"https:\/\/fisica2.fica.unsl.edu.ar\/index.php\/f2_clases_grabadas\/","name":"F2_clases_grabadas - F\u00edsica 2","isPartOf":{"@id":"https:\/\/fisica2.fica.unsl.edu.ar\/#website"},"primaryImageOfPage":{"@id":"https:\/\/fisica2.fica.unsl.edu.ar\/index.php\/f2_clases_grabadas\/#primaryimage"},"image":{"@id":"https:\/\/fisica2.fica.unsl.edu.ar\/index.php\/f2_clases_grabadas\/#primaryimage"},"thumbnailUrl":"https:\/\/fisica2.fica.unsl.edu.ar\/wp-content\/uploads\/elementor\/thumbs\/clases_grabadas-rj3dk2vz5hpexgyi0zkajvq03sp98au8544bzecos4.png","datePublished":"2026-02-13T12:07:11+00:00","dateModified":"2026-02-24T15:30:55+00:00","breadcrumb":{"@id":"https:\/\/fisica2.fica.unsl.edu.ar\/index.php\/f2_clases_grabadas\/#breadcrumb"},"inLanguage":"es-AR","potentialAction":[{"@type":"ReadAction","target":["https:\/\/fisica2.fica.unsl.edu.ar\/index.php\/f2_clases_grabadas\/"]}]},{"@type":"ImageObject","inLanguage":"es-AR","@id":"https:\/\/fisica2.fica.unsl.edu.ar\/index.php\/f2_clases_grabadas\/#primaryimage","url":"https:\/\/fisica2.fica.unsl.edu.ar\/wp-content\/uploads\/elementor\/thumbs\/clases_grabadas-rj3dk2vz5hpexgyi0zkajvq03sp98au8544bzecos4.png","contentUrl":"https:\/\/fisica2.fica.unsl.edu.ar\/wp-content\/uploads\/elementor\/thumbs\/clases_grabadas-rj3dk2vz5hpexgyi0zkajvq03sp98au8544bzecos4.png"},{"@type":"BreadcrumbList","@id":"https:\/\/fisica2.fica.unsl.edu.ar\/index.php\/f2_clases_grabadas\/#breadcrumb","itemListElement":[{"@type":"ListItem","position":1,"name":"Inicio","item":"https:\/\/fisica2.fica.unsl.edu.ar\/"},{"@type":"ListItem","position":2,"name":"F2_clases_grabadas"}]},{"@type":"WebSite","@id":"https:\/\/fisica2.fica.unsl.edu.ar\/#website","url":"https:\/\/fisica2.fica.unsl.edu.ar\/","name":"F\u00edsica 2","description":"FICA - UNSL","publisher":{"@id":"https:\/\/fisica2.fica.unsl.edu.ar\/#organization"},"potentialAction":[{"@type":"SearchAction","target":{"@type":"EntryPoint","urlTemplate":"https:\/\/fisica2.fica.unsl.edu.ar\/?s={search_term_string}"},"query-input":{"@type":"PropertyValueSpecification","valueRequired":true,"valueName":"search_term_string"}}],"inLanguage":"es-AR"},{"@type":"Organization","@id":"https:\/\/fisica2.fica.unsl.edu.ar\/#organization","name":"SAC- Secretar\u00eda General FICA","url":"https:\/\/fisica2.fica.unsl.edu.ar\/","logo":{"@type":"ImageObject","inLanguage":"es-AR","@id":"https:\/\/fisica2.fica.unsl.edu.ar\/#\/schema\/logo\/image\/","url":"https:\/\/fisica2.fica.unsl.edu.ar\/wp-content\/uploads\/2021\/11\/SG-Logo.png","contentUrl":"https:\/\/fisica2.fica.unsl.edu.ar\/wp-content\/uploads\/2021\/11\/SG-Logo.png","width":4483,"height":1231,"caption":"SAC- Secretar\u00eda General FICA"},"image":{"@id":"https:\/\/fisica2.fica.unsl.edu.ar\/#\/schema\/logo\/image\/"}}]}},"_links":{"self":[{"href":"https:\/\/fisica2.fica.unsl.edu.ar\/index.php\/wp-json\/wp\/v2\/pages\/2137","targetHints":{"allow":["GET"]}}],"collection":[{"href":"https:\/\/fisica2.fica.unsl.edu.ar\/index.php\/wp-json\/wp\/v2\/pages"}],"about":[{"href":"https:\/\/fisica2.fica.unsl.edu.ar\/index.php\/wp-json\/wp\/v2\/types\/page"}],"author":[{"embeddable":true,"href":"https:\/\/fisica2.fica.unsl.edu.ar\/index.php\/wp-json\/wp\/v2\/users\/7"}],"replies":[{"embeddable":true,"href":"https:\/\/fisica2.fica.unsl.edu.ar\/index.php\/wp-json\/wp\/v2\/comments?post=2137"}],"version-history":[{"count":13,"href":"https:\/\/fisica2.fica.unsl.edu.ar\/index.php\/wp-json\/wp\/v2\/pages\/2137\/revisions"}],"predecessor-version":[{"id":5140,"href":"https:\/\/fisica2.fica.unsl.edu.ar\/index.php\/wp-json\/wp\/v2\/pages\/2137\/revisions\/5140"}],"wp:attachment":[{"href":"https:\/\/fisica2.fica.unsl.edu.ar\/index.php\/wp-json\/wp\/v2\/media?parent=2137"}],"curies":[{"name":"wp","href":"https:\/\/api.w.org\/{rel}","templated":true}]}}