{"id":1580,"date":"2026-02-11T09:03:09","date_gmt":"2026-02-11T12:03:09","guid":{"rendered":"https:\/\/fisica2.fica.unsl.edu.ar\/?page_id=1580"},"modified":"2026-02-24T22:47:42","modified_gmt":"2026-02-25T01:47:42","slug":"f2_intro","status":"publish","type":"page","link":"https:\/\/fisica2.fica.unsl.edu.ar\/index.php\/f2_intro\/","title":{"rendered":"F2_intro"},"content":{"rendered":"\t\t<div data-elementor-type=\"wp-page\" data-elementor-id=\"1580\" class=\"elementor elementor-1580\">\n\t\t\t\t\t\t<section class=\"elementor-section elementor-top-section elementor-element elementor-element-26b8950 elementor-section-height-min-height elementor-section-content-middle elementor-section-boxed elementor-section-height-default elementor-section-items-middle\" data-id=\"26b8950\" data-element_type=\"section\" data-e-type=\"section\">\n\t\t\t\t\t\t<div class=\"elementor-container elementor-column-gap-default\">\n\t\t\t\t\t<div class=\"elementor-column elementor-col-33 elementor-top-column elementor-element elementor-element-13e06a2\" data-id=\"13e06a2\" data-element_type=\"column\" data-e-type=\"column\">\n\t\t\t<div class=\"elementor-widget-wrap elementor-element-populated\">\n\t\t\t\t\t\t<div class=\"elementor-element elementor-element-364c786 elementor-widget elementor-widget-image\" data-id=\"364c786\" data-element_type=\"widget\" data-e-type=\"widget\" data-widget_type=\"image.default\">\n\t\t\t\t<div class=\"elementor-widget-container\">\n\t\t\t\t\t\t\t\t\t\t\t\t\t\t\t<img decoding=\"async\" src=\"https:\/\/fisica2.fica.unsl.edu.ar\/wp-content\/uploads\/2026\/02\/introduccion.gif\" title=\"introducci\u00f3n\" alt=\"introducci\u00f3n\" loading=\"lazy\" \/>\t\t\t\t\t\t\t\t\t\t\t\t\t\t\t<\/div>\n\t\t\t\t<\/div>\n\t\t\t\t\t<\/div>\n\t\t<\/div>\n\t\t\t\t<div class=\"elementor-column elementor-col-66 elementor-top-column elementor-element elementor-element-8ba6933\" data-id=\"8ba6933\" data-element_type=\"column\" data-e-type=\"column\">\n\t\t\t<div class=\"elementor-widget-wrap elementor-element-populated\">\n\t\t\t\t\t\t<div class=\"elementor-element elementor-element-b8a0993 elementor-widget elementor-widget-text-editor\" data-id=\"b8a0993\" data-element_type=\"widget\" data-e-type=\"widget\" data-widget_type=\"text-editor.default\">\n\t\t\t\t<div class=\"elementor-widget-container\">\n\t\t\t\t\t\t\t\t\t<p><span style=\"font-size: 20px; color: #000080;\"><strong>Introducci\u00f3n<\/strong><\/span><\/p>\t\t\t\t\t\t\t\t<\/div>\n\t\t\t\t<\/div>\n\t\t\t\t\t<\/div>\n\t\t<\/div>\n\t\t\t\t\t<\/div>\n\t\t<\/section>\n\t\t\t\t<section class=\"elementor-section elementor-top-section elementor-element elementor-element-c58fab0 elementor-section-full_width elementor-section-height-default elementor-section-height-default\" data-id=\"c58fab0\" data-element_type=\"section\" data-e-type=\"section\">\n\t\t\t\t\t\t<div class=\"elementor-container elementor-column-gap-default\">\n\t\t\t\t\t<div class=\"elementor-column elementor-col-66 elementor-top-column elementor-element elementor-element-65fd76b\" data-id=\"65fd76b\" data-element_type=\"column\" data-e-type=\"column\">\n\t\t\t<div class=\"elementor-widget-wrap elementor-element-populated\">\n\t\t\t\t\t\t<div class=\"elementor-element elementor-element-0deb2f2 elementor-widget__width-initial elementor-widget elementor-widget-text-editor\" data-id=\"0deb2f2\" data-element_type=\"widget\" data-e-type=\"widget\" data-widget_type=\"text-editor.default\">\n\t\t\t\t<div class=\"elementor-widget-container\">\n\t\t\t\t\t\t\t\t\t<p class=\"Estilo20\"><span style=\"color: #000000;\">F\u00edsica 2, es un asignatura que corresponde al segundo a\u00f1o en los programas<\/span><br \/><span style=\"color: #000000;\">anal\u00edticos de las carreras de:<\/span><\/p><p class=\"Estilo20\"><span style=\"color: #000080;\"><strong>Ingenier\u00eda Industrial<\/strong><\/span><br \/><span style=\"color: #000000;\">Plan de Estudios de la Carrera Ingenier\u00eda Industrial<\/span><br \/><span style=\"color: #000000;\">(<span style=\"color: #ff0000;\"><a class=\"Estilo23\" style=\"color: #ff0000;\" href=\"https:\/\/www.fica.unsl.edu.ar\/index.php\/ingenieria-industrial\/\" target=\"_blank\" rel=\"noopener\">Plan de Transici\u00f3n 20\/2022<\/a><\/span>)<\/span><\/p><p><span style=\"color: #000080;\"><strong>Ingenier\u00eda Electromec\u00e1nica<\/strong><\/span><br \/><span style=\"color: #000000;\">Plan de Estudios de la carrera Ingenier\u00eda Electromec\u00e1nica<\/span><br \/><span style=\"color: #000000;\">(<span style=\"color: #ff0000;\"><a class=\"Estilo23\" style=\"color: #ff0000;\" href=\"https:\/\/www.fica.unsl.edu.ar\/index.php\/ingenieria-electromecanica\/\" target=\"_blank\" rel=\"noopener\">Plan de Transici\u00f3n 25\/2022<\/a><\/span>)<\/span><\/p><p><span style=\"color: #000080;\"><strong>Ingenier\u00eda Qu\u00edmica<\/strong><\/span><br \/><span style=\"color: #000000;\">Plan de Estudios de la Carrera Ingenier\u00eda Qu\u00edmica<\/span><br \/><span style=\"color: #000000;\">(<a class=\"Estilo23\" style=\"color: #000000;\" href=\"https:\/\/www.fica.unsl.edu.ar\/index.php\/ingenieria-quimica\/\" target=\"_blank\" rel=\"noopener\"><span style=\"color: #ff0000;\">Plan de Transici\u00f3n 21\/2022<\/span>\u00a0<\/a>)<\/span><\/p><p><span style=\"color: #000080;\"><strong>Ingenier\u00eda en Alimentos<\/strong><\/span><br \/><span style=\"color: #000000;\">Plan de Estudios de la Carrera Ingenier\u00eda en Alimentos<\/span><br \/><span style=\"color: #000000;\">(<a class=\"Estilo23\" style=\"color: #000000;\" href=\"https:\/\/www.fica.unsl.edu.ar\/index.php\/ingenieria-en-alimentos\/\" target=\"_blank\" rel=\"noopener\"><span style=\"color: #ff0000;\">Plan de Transici\u00f3n 22\/2022<\/span>\u00a0<\/a>)<\/span><\/p><p><span style=\"color: #000080;\"><strong>Ingenier\u00eda Electr\u00f3nica<\/strong><\/span><br \/><span style=\"color: #000000;\">Plan de Estudios de la Carrera Ingenier\u00eda en Electr\u00f3nica<\/span><br \/><span style=\"color: #000000;\">(<a class=\"Estilo23\" style=\"color: #000000;\" href=\"https:\/\/www.fica.unsl.edu.ar\/index.php\/ingenieria-electronica\/\" target=\"_blank\" rel=\"noopener\"><span style=\"color: #ff0000;\">Plan de Transici\u00f3n 23\/202<\/span>2\u00a0<\/a>)<\/span><\/p><p><span style=\"color: #000080;\"><strong>Ingenier\u00eda Mecatr\u00f3nica<\/strong><\/span><br \/><span style=\"color: #000000;\">Plan de Estudios de la Carrera Ingenier\u00eda Mecatr\u00f3nica<\/span><br \/><span style=\"color: #000000;\">(<span style=\"color: #ff0000;\"><a class=\"Estilo23\" style=\"color: #ff0000;\" href=\"https:\/\/www.fica.unsl.edu.ar\/index.php\/ingenieria-mecatronica\/\" target=\"_blank\" rel=\"noopener\">Plan de Transici\u00f3n 19\/2022\u00a0<\/a><\/span>)<\/span><\/p><p class=\"Estilo20\"><span style=\"color: #000000;\">Es <strong><span style=\"color: #ff0000;\">requisito indispensable\u00a0para poder cursar\u00a0<\/span><\/strong>la asignatura F\u00edsica 2,<\/span><br \/><span style=\"color: #000000;\">lo siguiente (Planes de Estudio 2022)<\/span><\/p><ul class=\"Estilo20\"><li><span style=\"color: #000000;\">Materias regularizadas: F\u00edsica 1 y \u00c1lgebra y Geometr\u00eda Anal\u00edtica<\/span><\/li><li><span style=\"color: #000000;\">Materia aprobada: An\u00e1lisis Matem\u00e1tico 1<\/span><\/li><\/ul><p class=\"Estilo21\"><span class=\"Estilo17\" style=\"color: #000000;\"><span style=\"color: #ff0000;\"><strong>No se permite<\/strong><\/span>\u00a0el cursado de la asignatura en la forma de &#8220;estudiante condicional&#8221;.<\/span><\/p>\t\t\t\t\t\t\t\t<\/div>\n\t\t\t\t<\/div>\n\t\t\t\t\t<\/div>\n\t\t<\/div>\n\t\t\t\t<div class=\"elementor-column elementor-col-33 elementor-top-column elementor-element elementor-element-ae4c8b2\" data-id=\"ae4c8b2\" data-element_type=\"column\" data-e-type=\"column\">\n\t\t\t<div class=\"elementor-widget-wrap elementor-element-populated\">\n\t\t\t\t\t\t<div class=\"elementor-element elementor-element-0f5d49e elementor-widget elementor-widget-spacer\" data-id=\"0f5d49e\" data-element_type=\"widget\" data-e-type=\"widget\" data-widget_type=\"spacer.default\">\n\t\t\t\t<div class=\"elementor-widget-container\">\n\t\t\t\t\t\t\t<div class=\"elementor-spacer\">\n\t\t\t<div class=\"elementor-spacer-inner\"><\/div>\n\t\t<\/div>\n\t\t\t\t\t\t<\/div>\n\t\t\t\t<\/div>\n\t\t\t\t<div class=\"elementor-element elementor-element-f4c396d elementor-widget elementor-widget-video\" data-id=\"f4c396d\" data-element_type=\"widget\" data-e-type=\"widget\" data-settings=\"{&quot;video_type&quot;:&quot;hosted&quot;,&quot;autoplay&quot;:&quot;yes&quot;,&quot;play_on_mobile&quot;:&quot;yes&quot;,&quot;controls&quot;:&quot;yes&quot;}\" data-widget_type=\"video.default\">\n\t\t\t\t<div class=\"elementor-widget-container\">\n\t\t\t\t\t\t\t<div class=\"e-hosted-video elementor-wrapper elementor-open-inline\">\n\t\t\t\t\t<video class=\"elementor-video\" src=\"https:\/\/fisica2.fica.unsl.edu.ar\/wp-content\/uploads\/2026\/02\/Tesla.mp4\" autoplay=\"\" controls=\"\" playsinline=\"\" controlsList=\"nodownload\"><\/video>\n\t\t\t\t<\/div>\n\t\t\t\t\t\t<\/div>\n\t\t\t\t<\/div>\n\t\t\t\t\t<\/div>\n\t\t<\/div>\n\t\t\t\t\t<\/div>\n\t\t<\/section>\n\t\t\t\t<\/div>\n\t\t","protected":false},"excerpt":{"rendered":"<p>Introducci\u00f3n F\u00edsica 2, es un asignatura que corresponde al segundo a\u00f1o en los programasanal\u00edticos de las carreras de: Ingenier\u00eda IndustrialPlan de Estudios de la Carrera&hellip;<\/p>\n","protected":false},"author":7,"featured_media":0,"parent":0,"menu_order":0,"comment_status":"closed","ping_status":"closed","template":"elementor_header_footer","meta":{"_monsterinsights_skip_tracking":false,"_monsterinsights_sitenote_active":false,"_monsterinsights_sitenote_note":"","_monsterinsights_sitenote_category":0,"footnotes":""},"class_list":["post-1580","page","type-page","status-publish","hentry"],"yoast_head":"<!-- This site is optimized with the Yoast SEO plugin v27.3 - https:\/\/yoast.com\/product\/yoast-seo-wordpress\/ -->\n<title>F2_intro - F\u00edsica 2<\/title>\n<meta name=\"robots\" content=\"index, follow, max-snippet:-1, max-image-preview:large, max-video-preview:-1\" \/>\n<link rel=\"canonical\" href=\"https:\/\/fisica2.fica.unsl.edu.ar\/index.php\/f2_intro\/\" \/>\n<meta property=\"og:locale\" content=\"es_ES\" \/>\n<meta property=\"og:type\" content=\"article\" \/>\n<meta property=\"og:title\" content=\"F2_intro - F\u00edsica 2\" \/>\n<meta property=\"og:description\" content=\"Introducci\u00f3n F\u00edsica 2, es un asignatura que corresponde al segundo a\u00f1o en los programasanal\u00edticos de las carreras de: Ingenier\u00eda IndustrialPlan de Estudios de la Carrera&hellip;\" \/>\n<meta property=\"og:url\" content=\"https:\/\/fisica2.fica.unsl.edu.ar\/index.php\/f2_intro\/\" \/>\n<meta property=\"og:site_name\" content=\"F\u00edsica 2\" \/>\n<meta property=\"article:modified_time\" content=\"2026-02-25T01:47:42+00:00\" \/>\n<meta property=\"og:image\" content=\"https:\/\/fisica2.fica.unsl.edu.ar\/wp-content\/uploads\/2026\/02\/introduccion.gif\" \/>\n<meta name=\"twitter:card\" content=\"summary_large_image\" \/>\n<meta name=\"twitter:label1\" content=\"Tiempo de lectura\" \/>\n\t<meta name=\"twitter:data1\" content=\"1 minuto\" \/>\n<script type=\"application\/ld+json\" class=\"yoast-schema-graph\">{\"@context\":\"https:\\\/\\\/schema.org\",\"@graph\":[{\"@type\":\"WebPage\",\"@id\":\"https:\\\/\\\/fisica2.fica.unsl.edu.ar\\\/index.php\\\/f2_intro\\\/\",\"url\":\"https:\\\/\\\/fisica2.fica.unsl.edu.ar\\\/index.php\\\/f2_intro\\\/\",\"name\":\"F2_intro - F\u00edsica 2\",\"isPartOf\":{\"@id\":\"https:\\\/\\\/fisica2.fica.unsl.edu.ar\\\/#website\"},\"primaryImageOfPage\":{\"@id\":\"https:\\\/\\\/fisica2.fica.unsl.edu.ar\\\/index.php\\\/f2_intro\\\/#primaryimage\"},\"image\":{\"@id\":\"https:\\\/\\\/fisica2.fica.unsl.edu.ar\\\/index.php\\\/f2_intro\\\/#primaryimage\"},\"thumbnailUrl\":\"https:\\\/\\\/fisica2.fica.unsl.edu.ar\\\/wp-content\\\/uploads\\\/2026\\\/02\\\/introduccion.gif\",\"datePublished\":\"2026-02-11T12:03:09+00:00\",\"dateModified\":\"2026-02-25T01:47:42+00:00\",\"breadcrumb\":{\"@id\":\"https:\\\/\\\/fisica2.fica.unsl.edu.ar\\\/index.php\\\/f2_intro\\\/#breadcrumb\"},\"inLanguage\":\"es-AR\",\"potentialAction\":[{\"@type\":\"ReadAction\",\"target\":[\"https:\\\/\\\/fisica2.fica.unsl.edu.ar\\\/index.php\\\/f2_intro\\\/\"]}]},{\"@type\":\"ImageObject\",\"inLanguage\":\"es-AR\",\"@id\":\"https:\\\/\\\/fisica2.fica.unsl.edu.ar\\\/index.php\\\/f2_intro\\\/#primaryimage\",\"url\":\"https:\\\/\\\/fisica2.fica.unsl.edu.ar\\\/wp-content\\\/uploads\\\/2026\\\/02\\\/introduccion.gif\",\"contentUrl\":\"https:\\\/\\\/fisica2.fica.unsl.edu.ar\\\/wp-content\\\/uploads\\\/2026\\\/02\\\/introduccion.gif\",\"width\":640,\"height\":640},{\"@type\":\"BreadcrumbList\",\"@id\":\"https:\\\/\\\/fisica2.fica.unsl.edu.ar\\\/index.php\\\/f2_intro\\\/#breadcrumb\",\"itemListElement\":[{\"@type\":\"ListItem\",\"position\":1,\"name\":\"Inicio\",\"item\":\"https:\\\/\\\/fisica2.fica.unsl.edu.ar\\\/\"},{\"@type\":\"ListItem\",\"position\":2,\"name\":\"F2_intro\"}]},{\"@type\":\"WebSite\",\"@id\":\"https:\\\/\\\/fisica2.fica.unsl.edu.ar\\\/#website\",\"url\":\"https:\\\/\\\/fisica2.fica.unsl.edu.ar\\\/\",\"name\":\"F\u00edsica 2\",\"description\":\"FICA - UNSL\",\"publisher\":{\"@id\":\"https:\\\/\\\/fisica2.fica.unsl.edu.ar\\\/#organization\"},\"potentialAction\":[{\"@type\":\"SearchAction\",\"target\":{\"@type\":\"EntryPoint\",\"urlTemplate\":\"https:\\\/\\\/fisica2.fica.unsl.edu.ar\\\/?s={search_term_string}\"},\"query-input\":{\"@type\":\"PropertyValueSpecification\",\"valueRequired\":true,\"valueName\":\"search_term_string\"}}],\"inLanguage\":\"es-AR\"},{\"@type\":\"Organization\",\"@id\":\"https:\\\/\\\/fisica2.fica.unsl.edu.ar\\\/#organization\",\"name\":\"SAC- Secretar\u00eda General FICA\",\"url\":\"https:\\\/\\\/fisica2.fica.unsl.edu.ar\\\/\",\"logo\":{\"@type\":\"ImageObject\",\"inLanguage\":\"es-AR\",\"@id\":\"https:\\\/\\\/fisica2.fica.unsl.edu.ar\\\/#\\\/schema\\\/logo\\\/image\\\/\",\"url\":\"https:\\\/\\\/fisica2.fica.unsl.edu.ar\\\/wp-content\\\/uploads\\\/2021\\\/11\\\/SG-Logo.png\",\"contentUrl\":\"https:\\\/\\\/fisica2.fica.unsl.edu.ar\\\/wp-content\\\/uploads\\\/2021\\\/11\\\/SG-Logo.png\",\"width\":4483,\"height\":1231,\"caption\":\"SAC- Secretar\u00eda General FICA\"},\"image\":{\"@id\":\"https:\\\/\\\/fisica2.fica.unsl.edu.ar\\\/#\\\/schema\\\/logo\\\/image\\\/\"}}]}<\/script>\n<!-- \/ Yoast SEO plugin. -->","yoast_head_json":{"title":"F2_intro - F\u00edsica 2","robots":{"index":"index","follow":"follow","max-snippet":"max-snippet:-1","max-image-preview":"max-image-preview:large","max-video-preview":"max-video-preview:-1"},"canonical":"https:\/\/fisica2.fica.unsl.edu.ar\/index.php\/f2_intro\/","og_locale":"es_ES","og_type":"article","og_title":"F2_intro - F\u00edsica 2","og_description":"Introducci\u00f3n F\u00edsica 2, es un asignatura que corresponde al segundo a\u00f1o en los programasanal\u00edticos de las carreras de: Ingenier\u00eda IndustrialPlan de Estudios de la Carrera&hellip;","og_url":"https:\/\/fisica2.fica.unsl.edu.ar\/index.php\/f2_intro\/","og_site_name":"F\u00edsica 2","article_modified_time":"2026-02-25T01:47:42+00:00","og_image":[{"url":"https:\/\/fisica2.fica.unsl.edu.ar\/wp-content\/uploads\/2026\/02\/introduccion.gif","type":"","width":"","height":""}],"twitter_card":"summary_large_image","twitter_misc":{"Tiempo de lectura":"1 minuto"},"schema":{"@context":"https:\/\/schema.org","@graph":[{"@type":"WebPage","@id":"https:\/\/fisica2.fica.unsl.edu.ar\/index.php\/f2_intro\/","url":"https:\/\/fisica2.fica.unsl.edu.ar\/index.php\/f2_intro\/","name":"F2_intro - F\u00edsica 2","isPartOf":{"@id":"https:\/\/fisica2.fica.unsl.edu.ar\/#website"},"primaryImageOfPage":{"@id":"https:\/\/fisica2.fica.unsl.edu.ar\/index.php\/f2_intro\/#primaryimage"},"image":{"@id":"https:\/\/fisica2.fica.unsl.edu.ar\/index.php\/f2_intro\/#primaryimage"},"thumbnailUrl":"https:\/\/fisica2.fica.unsl.edu.ar\/wp-content\/uploads\/2026\/02\/introduccion.gif","datePublished":"2026-02-11T12:03:09+00:00","dateModified":"2026-02-25T01:47:42+00:00","breadcrumb":{"@id":"https:\/\/fisica2.fica.unsl.edu.ar\/index.php\/f2_intro\/#breadcrumb"},"inLanguage":"es-AR","potentialAction":[{"@type":"ReadAction","target":["https:\/\/fisica2.fica.unsl.edu.ar\/index.php\/f2_intro\/"]}]},{"@type":"ImageObject","inLanguage":"es-AR","@id":"https:\/\/fisica2.fica.unsl.edu.ar\/index.php\/f2_intro\/#primaryimage","url":"https:\/\/fisica2.fica.unsl.edu.ar\/wp-content\/uploads\/2026\/02\/introduccion.gif","contentUrl":"https:\/\/fisica2.fica.unsl.edu.ar\/wp-content\/uploads\/2026\/02\/introduccion.gif","width":640,"height":640},{"@type":"BreadcrumbList","@id":"https:\/\/fisica2.fica.unsl.edu.ar\/index.php\/f2_intro\/#breadcrumb","itemListElement":[{"@type":"ListItem","position":1,"name":"Inicio","item":"https:\/\/fisica2.fica.unsl.edu.ar\/"},{"@type":"ListItem","position":2,"name":"F2_intro"}]},{"@type":"WebSite","@id":"https:\/\/fisica2.fica.unsl.edu.ar\/#website","url":"https:\/\/fisica2.fica.unsl.edu.ar\/","name":"F\u00edsica 2","description":"FICA - UNSL","publisher":{"@id":"https:\/\/fisica2.fica.unsl.edu.ar\/#organization"},"potentialAction":[{"@type":"SearchAction","target":{"@type":"EntryPoint","urlTemplate":"https:\/\/fisica2.fica.unsl.edu.ar\/?s={search_term_string}"},"query-input":{"@type":"PropertyValueSpecification","valueRequired":true,"valueName":"search_term_string"}}],"inLanguage":"es-AR"},{"@type":"Organization","@id":"https:\/\/fisica2.fica.unsl.edu.ar\/#organization","name":"SAC- Secretar\u00eda General FICA","url":"https:\/\/fisica2.fica.unsl.edu.ar\/","logo":{"@type":"ImageObject","inLanguage":"es-AR","@id":"https:\/\/fisica2.fica.unsl.edu.ar\/#\/schema\/logo\/image\/","url":"https:\/\/fisica2.fica.unsl.edu.ar\/wp-content\/uploads\/2021\/11\/SG-Logo.png","contentUrl":"https:\/\/fisica2.fica.unsl.edu.ar\/wp-content\/uploads\/2021\/11\/SG-Logo.png","width":4483,"height":1231,"caption":"SAC- Secretar\u00eda General FICA"},"image":{"@id":"https:\/\/fisica2.fica.unsl.edu.ar\/#\/schema\/logo\/image\/"}}]}},"_links":{"self":[{"href":"https:\/\/fisica2.fica.unsl.edu.ar\/index.php\/wp-json\/wp\/v2\/pages\/1580","targetHints":{"allow":["GET"]}}],"collection":[{"href":"https:\/\/fisica2.fica.unsl.edu.ar\/index.php\/wp-json\/wp\/v2\/pages"}],"about":[{"href":"https:\/\/fisica2.fica.unsl.edu.ar\/index.php\/wp-json\/wp\/v2\/types\/page"}],"author":[{"embeddable":true,"href":"https:\/\/fisica2.fica.unsl.edu.ar\/index.php\/wp-json\/wp\/v2\/users\/7"}],"replies":[{"embeddable":true,"href":"https:\/\/fisica2.fica.unsl.edu.ar\/index.php\/wp-json\/wp\/v2\/comments?post=1580"}],"version-history":[{"count":37,"href":"https:\/\/fisica2.fica.unsl.edu.ar\/index.php\/wp-json\/wp\/v2\/pages\/1580\/revisions"}],"predecessor-version":[{"id":5237,"href":"https:\/\/fisica2.fica.unsl.edu.ar\/index.php\/wp-json\/wp\/v2\/pages\/1580\/revisions\/5237"}],"wp:attachment":[{"href":"https:\/\/fisica2.fica.unsl.edu.ar\/index.php\/wp-json\/wp\/v2\/media?parent=1580"}],"curies":[{"name":"wp","href":"https:\/\/api.w.org\/{rel}","templated":true}]}}